{"id":417,"date":"2022-03-29T11:18:23","date_gmt":"2022-03-29T09:18:23","guid":{"rendered":"https:\/\/bentrio-2022.bentrio.com\/versand-und-rueckgabe\/"},"modified":"2022-05-17T14:17:35","modified_gmt":"2022-05-17T12:17:35","slug":"versand-und-rueckgabe","status":"publish","type":"page","link":"https:\/\/bentrio.com\/de\/versand-und-rueckgabe\/","title":{"rendered":"Versand und R\u00fcckgabe"},"content":{"rendered":"\n<div style=\"height:100px\" aria-hidden=\"true\" class=\"wp-block-spacer is-style-space-1\"><\/div>\n\n<h1 class=\"wp-block-heading\">Versand und R\u00fcckgabe<\/h1>\n\n<p><strong>Kosten f\u00fcr den Versand<\/strong><\/p>\n\n<p>Wenn Sie die Produkte \u00fcber unseren Online-Shop bestellen, liefern wir derzeit nur nach Deutschland. Wenn Sie die Produkte in ein anderes Land bestellen m\u00f6chten, \u00fcberpr\u00fcfen Sie bitte die Links zu externen Apotheken unter https:\/\/bentrio.com\/shop\/.<\/p>\n\n<p>Innerhalb Deutschlands berechnen wir EUR 5 f\u00fcr den Versand. Bei der Bestellung von 2 Produkten betr\u00e4gt die Versandkostenpauschale EUR 4 und ab 3 bestellten Produkten ist der Versand kostenlos.<\/p>\n\n<p><strong>Versandzeit<\/strong><\/p>\n\n<p>Innerhalb Deutschlands betr\u00e4gt die Standardversandzeit 1 \u2013 3 Arbeitstage.<\/p>\n\n<p>Sollte sich der Versand verz\u00f6gern (z.B. weil das Produkt nicht vorr\u00e4tig ist, der Hersteller nicht liefern kann oder sonstige Betriebs-, Verkehrs- oder Versandst\u00f6rungen vorliegen), werden wir Sie \u00fcber die Produktverf\u00fcgbarkeit und die verl\u00e4ngerte Lieferzeit informieren.<\/p>\n\n<p>Bitte beachten Sie, dass wir den Auftrag in Teillieferungen ausf\u00fchren k\u00f6nnen.<\/p>\n\n<p>Weitere Informationen \u00fcber den Versand finden Sie in unseren Allgemeinen Gesch\u00e4ftsbedingungen \u2013 Online Store.<\/p>\n\n<p><strong>R\u00fcckgabe<\/strong><\/p>\n\n<p>Sind Sie mit einem Produkt oder der Bestellung unzufrieden? Wir engagieren uns f\u00fcr zufriedene Kunden und freuen uns, wenn Sie uns diesbez\u00fcglich kontaktieren.<\/p>\n\n<p>Beanstandungen, wie z.B. unvollst\u00e4ndige oder falsche Lieferungen oder offensichtliche M\u00e4ngel, melden Sie bitte unverz\u00fcglich, sp\u00e4testens jedoch innerhalb von 14 Tagen nach Erhalt der Ware, schriftlich unter service@bentrio.com. Bei versteckten M\u00e4ngeln reklamieren Sie bitte unverz\u00fcglich nach Entdeckung des Mangels.<\/p>\n\n<p>Wir werden Ihre Anfrage so schnell wie m\u00f6glich und innerhalb unserer \u00d6ffnungszeiten von Montag bis Freitag zwischen 8 und 18 Uhr bearbeiten.<\/p>\n\n<p>Nachdem wir Ihren Antrag bearbeitet und die Zul\u00e4ssigkeit der R\u00fccksendung best\u00e4tigt haben, stellen wir Ihnen ein R\u00fccksendeetikett zur Verf\u00fcgung. Die Produkte m\u00fcssen mit dem R\u00fccksendeetikett, in einwandfreiem und unbenutztem Zustand und in der Originalverpackung innerhalb von 14 Tagen nach Ausstellung des R\u00fccksendeetiketts zur\u00fcckgesendet werden.<\/p>\n\n<div style=\"height:100px\" aria-hidden=\"true\" class=\"wp-block-spacer is-style-space-1\"><\/div>\n","protected":false},"excerpt":{"rendered":"<p>Versand und R\u00fcckgabe Kosten f\u00fcr den Versand Wenn Sie die Produkte \u00fcber unseren Online-Shop bestellen, liefern wir derzeit nur nach Deutschland. Wenn Sie die Produkte in ein anderes Land bestellen m\u00f6chten, \u00fcberpr\u00fcfen Sie bitte die Links zu externen Apotheken unter https:\/\/bentrio.com\/shop\/. Innerhalb Deutschlands berechnen wir EUR 5 f\u00fcr den Versand. Bei der Bestellung von 2 [&hellip;]<\/p>\n","protected":false},"author":1,"featured_media":0,"parent":0,"menu_order":0,"comment_status":"closed","ping_status":"closed","template":"","meta":{"_acf_changed":false,"footnotes":""},"class_list":["post-417","page","type-page","status-publish","hentry"],"acf":[],"yoast_head":"<!-- This site is optimized with the Yoast SEO plugin v27.1.1 - https:\/\/yoast.com\/product\/yoast-seo-wordpress\/ -->\n<title>Versand und R\u00fcckgabe - Bentrio<\/title>\n<meta name=\"robots\" content=\"index, follow, max-snippet:-1, max-image-preview:large, max-video-preview:-1\" \/>\n<link rel=\"canonical\" href=\"https:\/\/bentrio.com\/de\/versand-und-rueckgabe\/\" \/>\n<meta property=\"og:locale\" content=\"de_DE\" \/>\n<meta property=\"og:type\" content=\"article\" \/>\n<meta property=\"og:title\" content=\"Versand und R\u00fcckgabe - Bentrio\" \/>\n<meta property=\"og:description\" content=\"Versand und R\u00fcckgabe Kosten f\u00fcr den Versand Wenn Sie die Produkte \u00fcber unseren Online-Shop bestellen, liefern wir derzeit nur nach Deutschland. Wenn Sie die Produkte in ein anderes Land bestellen m\u00f6chten, \u00fcberpr\u00fcfen Sie bitte die Links zu externen Apotheken unter https:\/\/bentrio.com\/shop\/. Innerhalb Deutschlands berechnen wir EUR 5 f\u00fcr den Versand. Bei der Bestellung von 2 [&hellip;]\" \/>\n<meta property=\"og:url\" content=\"https:\/\/bentrio.com\/de\/versand-und-rueckgabe\/\" \/>\n<meta property=\"og:site_name\" content=\"Bentrio\" \/>\n<meta property=\"article:modified_time\" content=\"2022-05-17T12:17:35+00:00\" \/>\n<meta name=\"twitter:card\" content=\"summary_large_image\" \/>\n<meta name=\"twitter:label1\" content=\"Gesch\u00e4tzte Lesezeit\" \/>\n\t<meta name=\"twitter:data1\" content=\"1\u00a0Minute\" \/>\n<script type=\"application\/ld+json\" class=\"yoast-schema-graph\">{\"@context\":\"https:\/\/schema.org\",\"@graph\":[{\"@type\":\"WebPage\",\"@id\":\"https:\/\/bentrio.com\/de\/versand-und-rueckgabe\/\",\"url\":\"https:\/\/bentrio.com\/de\/versand-und-rueckgabe\/\",\"name\":\"Versand und R\u00fcckgabe - Bentrio\",\"isPartOf\":{\"@id\":\"https:\/\/bentrio.com\/de\/#website\"},\"datePublished\":\"2022-03-29T09:18:23+00:00\",\"dateModified\":\"2022-05-17T12:17:35+00:00\",\"breadcrumb\":{\"@id\":\"https:\/\/bentrio.com\/de\/versand-und-rueckgabe\/#breadcrumb\"},\"inLanguage\":\"de\",\"potentialAction\":[{\"@type\":\"ReadAction\",\"target\":[\"https:\/\/bentrio.com\/de\/versand-und-rueckgabe\/\"]}]},{\"@type\":\"BreadcrumbList\",\"@id\":\"https:\/\/bentrio.com\/de\/versand-und-rueckgabe\/#breadcrumb\",\"itemListElement\":[{\"@type\":\"ListItem\",\"position\":1,\"name\":\"Home\",\"item\":\"https:\/\/bentrio.com\/de\/\"},{\"@type\":\"ListItem\",\"position\":2,\"name\":\"Versand und R\u00fcckgabe\"}]},{\"@type\":\"WebSite\",\"@id\":\"https:\/\/bentrio.com\/de\/#website\",\"url\":\"https:\/\/bentrio.com\/de\/\",\"name\":\"Bentrio\",\"description\":\"Helps protect from allergens\",\"publisher\":{\"@id\":\"https:\/\/bentrio.com\/de\/#organization\"},\"potentialAction\":[{\"@type\":\"SearchAction\",\"target\":{\"@type\":\"EntryPoint\",\"urlTemplate\":\"https:\/\/bentrio.com\/de\/?s={search_term_string}\"},\"query-input\":{\"@type\":\"PropertyValueSpecification\",\"valueRequired\":true,\"valueName\":\"search_term_string\"}}],\"inLanguage\":\"de\"},{\"@type\":\"Organization\",\"@id\":\"https:\/\/bentrio.com\/de\/#organization\",\"name\":\"Bentrio\",\"url\":\"https:\/\/bentrio.com\/de\/\",\"logo\":{\"@type\":\"ImageObject\",\"inLanguage\":\"de\",\"@id\":\"https:\/\/bentrio.com\/de\/#\/schema\/logo\/image\/\",\"url\":\"https:\/\/bentrio.com\/wp-content\/uploads\/about_All.jpg\",\"contentUrl\":\"https:\/\/bentrio.com\/wp-content\/uploads\/about_All.jpg\",\"width\":2280,\"height\":820,\"caption\":\"Bentrio\"},\"image\":{\"@id\":\"https:\/\/bentrio.com\/de\/#\/schema\/logo\/image\/\"}}]}<\/script>\n<!-- \/ Yoast SEO plugin. -->","yoast_head_json":{"title":"Versand und R\u00fcckgabe - Bentrio","robots":{"index":"index","follow":"follow","max-snippet":"max-snippet:-1","max-image-preview":"max-image-preview:large","max-video-preview":"max-video-preview:-1"},"canonical":"https:\/\/bentrio.com\/de\/versand-und-rueckgabe\/","og_locale":"de_DE","og_type":"article","og_title":"Versand und R\u00fcckgabe - Bentrio","og_description":"Versand und R\u00fcckgabe Kosten f\u00fcr den Versand Wenn Sie die Produkte \u00fcber unseren Online-Shop bestellen, liefern wir derzeit nur nach Deutschland. Wenn Sie die Produkte in ein anderes Land bestellen m\u00f6chten, \u00fcberpr\u00fcfen Sie bitte die Links zu externen Apotheken unter https:\/\/bentrio.com\/shop\/. Innerhalb Deutschlands berechnen wir EUR 5 f\u00fcr den Versand. Bei der Bestellung von 2 [&hellip;]","og_url":"https:\/\/bentrio.com\/de\/versand-und-rueckgabe\/","og_site_name":"Bentrio","article_modified_time":"2022-05-17T12:17:35+00:00","twitter_card":"summary_large_image","twitter_misc":{"Gesch\u00e4tzte Lesezeit":"1\u00a0Minute"},"schema":{"@context":"https:\/\/schema.org","@graph":[{"@type":"WebPage","@id":"https:\/\/bentrio.com\/de\/versand-und-rueckgabe\/","url":"https:\/\/bentrio.com\/de\/versand-und-rueckgabe\/","name":"Versand und R\u00fcckgabe - Bentrio","isPartOf":{"@id":"https:\/\/bentrio.com\/de\/#website"},"datePublished":"2022-03-29T09:18:23+00:00","dateModified":"2022-05-17T12:17:35+00:00","breadcrumb":{"@id":"https:\/\/bentrio.com\/de\/versand-und-rueckgabe\/#breadcrumb"},"inLanguage":"de","potentialAction":[{"@type":"ReadAction","target":["https:\/\/bentrio.com\/de\/versand-und-rueckgabe\/"]}]},{"@type":"BreadcrumbList","@id":"https:\/\/bentrio.com\/de\/versand-und-rueckgabe\/#breadcrumb","itemListElement":[{"@type":"ListItem","position":1,"name":"Home","item":"https:\/\/bentrio.com\/de\/"},{"@type":"ListItem","position":2,"name":"Versand und R\u00fcckgabe"}]},{"@type":"WebSite","@id":"https:\/\/bentrio.com\/de\/#website","url":"https:\/\/bentrio.com\/de\/","name":"Bentrio","description":"Helps protect from allergens","publisher":{"@id":"https:\/\/bentrio.com\/de\/#organization"},"potentialAction":[{"@type":"SearchAction","target":{"@type":"EntryPoint","urlTemplate":"https:\/\/bentrio.com\/de\/?s={search_term_string}"},"query-input":{"@type":"PropertyValueSpecification","valueRequired":true,"valueName":"search_term_string"}}],"inLanguage":"de"},{"@type":"Organization","@id":"https:\/\/bentrio.com\/de\/#organization","name":"Bentrio","url":"https:\/\/bentrio.com\/de\/","logo":{"@type":"ImageObject","inLanguage":"de","@id":"https:\/\/bentrio.com\/de\/#\/schema\/logo\/image\/","url":"https:\/\/bentrio.com\/wp-content\/uploads\/about_All.jpg","contentUrl":"https:\/\/bentrio.com\/wp-content\/uploads\/about_All.jpg","width":2280,"height":820,"caption":"Bentrio"},"image":{"@id":"https:\/\/bentrio.com\/de\/#\/schema\/logo\/image\/"}}]}},"_links":{"self":[{"href":"https:\/\/bentrio.com\/de\/wp-json\/wp\/v2\/pages\/417","targetHints":{"allow":["GET"]}}],"collection":[{"href":"https:\/\/bentrio.com\/de\/wp-json\/wp\/v2\/pages"}],"about":[{"href":"https:\/\/bentrio.com\/de\/wp-json\/wp\/v2\/types\/page"}],"author":[{"embeddable":true,"href":"https:\/\/bentrio.com\/de\/wp-json\/wp\/v2\/users\/1"}],"replies":[{"embeddable":true,"href":"https:\/\/bentrio.com\/de\/wp-json\/wp\/v2\/comments?post=417"}],"version-history":[{"count":0,"href":"https:\/\/bentrio.com\/de\/wp-json\/wp\/v2\/pages\/417\/revisions"}],"wp:attachment":[{"href":"https:\/\/bentrio.com\/de\/wp-json\/wp\/v2\/media?parent=417"}],"curies":[{"name":"wp","href":"https:\/\/api.w.org\/{rel}","templated":true}]}}