{"id":426,"date":"2022-03-29T11:23:09","date_gmt":"2022-03-29T09:23:09","guid":{"rendered":"https:\/\/bentrio-2022.bentrio.com\/ueber-uns\/"},"modified":"2024-10-28T10:46:20","modified_gmt":"2024-10-28T09:46:20","slug":"ueber-uns","status":"publish","type":"page","link":"https:\/\/bentrio.com\/de\/ueber-uns\/","title":{"rendered":"\u00dcber uns"},"content":{"rendered":"\n<div class=\"wp-block-cover alignfull is-light set-hero-image\"><span aria-hidden=\"true\" class=\"wp-block-cover__background has-background-dim-0 has-background-dim\"><\/span><img loading=\"lazy\" decoding=\"async\" width=\"2280\" height=\"1000\" class=\"wp-block-cover__image-background wp-image-4546\" alt=\"\" src=\"https:\/\/bentrio.com\/wp-content\/uploads\/Hero_About-2.jpg\" style=\"object-position:63% 47%\" data-object-fit=\"cover\" data-object-position=\"63% 47%\" srcset=\"https:\/\/bentrio.com\/wp-content\/uploads\/Hero_About-2.jpg 2280w, https:\/\/bentrio.com\/wp-content\/uploads\/Hero_About-2-300x132.jpg 300w, https:\/\/bentrio.com\/wp-content\/uploads\/Hero_About-2-1024x449.jpg 1024w, https:\/\/bentrio.com\/wp-content\/uploads\/Hero_About-2-768x337.jpg 768w, https:\/\/bentrio.com\/wp-content\/uploads\/Hero_About-2-1536x674.jpg 1536w, https:\/\/bentrio.com\/wp-content\/uploads\/Hero_About-2-2048x898.jpg 2048w, https:\/\/bentrio.com\/wp-content\/uploads\/Hero_About-2-1920x842.jpg 1920w\" sizes=\"auto, (max-width: 2280px) 100vw, 2280px\" \/><div class=\"wp-block-cover__inner-container is-layout-flow wp-block-cover-is-layout-flow\">\n<h1 class=\"wp-block-heading is-style-sub-title-1 wow bounceInUp has-white-color has-text-color\"><strong>Unser Team und unsere Vision<\/strong><\/h1>\n\n\n\n<div style=\"height:140px\" aria-hidden=\"true\" class=\"wp-block-spacer is-style-default\"><\/div>\n<\/div><\/div>\n\n\n\n<div style=\"height:100px\" aria-hidden=\"true\" class=\"wp-block-spacer is-style-space-3\"><\/div>\n\n\n\n<h2 class=\"wp-block-heading show-hero-title\">Unser Team und unsere Vision<\/h2>\n\n\n\n<p>Wir bei Altamira Medica wollen den Menschen helfen, ihr Leben selbstbestimmt zu meistern, wenn es um den Schutz vor Allergenen in der Luft geht. Auf der Grundlage unserer umfassenden Erfahrung in der Entwicklung intranasaler Sprays konzentrieren wir uns auf die Entwicklung wirksamer, sicherer und leicht zug\u00e4nglicher L\u00f6sungen zur Bek\u00e4mpfung von Allergien, die durch die Exposition gegen\u00fcber luftgetragenen Allergenen entstehen.<\/p>\n\n\n\n<p>Unser dynamisches Team am Hauptsitz in Basel, Schweiz, besteht aus Experten in den Bereichen Forschung, Entwicklung, Produktion, Vertrieb, Qualit\u00e4t, Marketing und Kommunikation. Gemeinsam sind wir engagiert darin, unsere innovativen L\u00f6sungen all jenen zug\u00e4nglich zu machen, die einen verbesserten Schutz vor luftgetragenen Allergenen ben\u00f6tigen. Unsere Hingabe und Expertise manifestieren sich in Bentrio, einem Produkt, das in der Schweiz entwickelt und in Europa mit gr\u00f6\u00dfter Sorgfalt hergestellt wird.<\/p>\n\n\n\n<div style=\"height:100px\" aria-hidden=\"true\" class=\"wp-block-spacer is-style-space-2\"><\/div>\n\n\n\n<div class=\"wp-block-buttons is-layout-flex wp-block-buttons-is-layout-flex\">\n<div class=\"wp-block-button is-style-small-button-2\"><a class=\"wp-block-button__link wp-element-button\" href=\"mailto:service@bentrio.com\">Altamira Medica kontaktieren<\/a><\/div>\n<\/div>\n\n\n\n<div style=\"height:100px\" aria-hidden=\"true\" class=\"wp-block-spacer is-style-space-2\"><\/div>\n\n\n\n<p>Altamira Medica AG<br>Peter Merian-Strasse 90<br>4052 Basel<br>Switzerland<\/p>\n\n\n\n<div style=\"height:100px\" aria-hidden=\"true\" class=\"wp-block-spacer is-style-space-1\"><\/div>\n","protected":false},"excerpt":{"rendered":"<p>Unser Team und unsere Vision Wir bei Altamira Medica wollen den Menschen helfen, ihr Leben selbstbestimmt zu meistern, wenn es um den Schutz vor Allergenen in der Luft geht. Auf der Grundlage unserer umfassenden Erfahrung in der Entwicklung intranasaler Sprays konzentrieren wir uns auf die Entwicklung wirksamer, sicherer und leicht zug\u00e4nglicher L\u00f6sungen zur Bek\u00e4mpfung von [&hellip;]<\/p>\n","protected":false},"author":1,"featured_media":0,"parent":0,"menu_order":0,"comment_status":"closed","ping_status":"closed","template":"","meta":{"_acf_changed":false,"footnotes":""},"class_list":["post-426","page","type-page","status-publish","hentry"],"acf":[],"yoast_head":"<!-- This site is optimized with the Yoast SEO plugin v27.1.1 - https:\/\/yoast.com\/product\/yoast-seo-wordpress\/ -->\n<title>\u00dcber uns - Bentrio<\/title>\n<meta name=\"robots\" content=\"index, follow, max-snippet:-1, max-image-preview:large, max-video-preview:-1\" \/>\n<link rel=\"canonical\" href=\"https:\/\/bentrio.com\/de\/ueber-uns\/\" \/>\n<meta property=\"og:locale\" content=\"de_DE\" \/>\n<meta property=\"og:type\" content=\"article\" \/>\n<meta property=\"og:title\" content=\"\u00dcber uns - Bentrio\" \/>\n<meta property=\"og:description\" content=\"Unser Team und unsere Vision Wir bei Altamira Medica wollen den Menschen helfen, ihr Leben selbstbestimmt zu meistern, wenn es um den Schutz vor Allergenen in der Luft geht. Auf der Grundlage unserer umfassenden Erfahrung in der Entwicklung intranasaler Sprays konzentrieren wir uns auf die Entwicklung wirksamer, sicherer und leicht zug\u00e4nglicher L\u00f6sungen zur Bek\u00e4mpfung von [&hellip;]\" \/>\n<meta property=\"og:url\" content=\"https:\/\/bentrio.com\/de\/ueber-uns\/\" \/>\n<meta property=\"og:site_name\" content=\"Bentrio\" \/>\n<meta property=\"article:modified_time\" content=\"2024-10-28T09:46:20+00:00\" \/>\n<meta property=\"og:image\" content=\"https:\/\/bentrio.com\/wp-content\/uploads\/Hero_About-2.jpg\" \/>\n<meta name=\"twitter:card\" content=\"summary_large_image\" \/>\n<meta name=\"twitter:label1\" content=\"Gesch\u00e4tzte Lesezeit\" \/>\n\t<meta name=\"twitter:data1\" content=\"1\u00a0Minute\" \/>\n<script type=\"application\/ld+json\" class=\"yoast-schema-graph\">{\"@context\":\"https:\/\/schema.org\",\"@graph\":[{\"@type\":\"WebPage\",\"@id\":\"https:\/\/bentrio.com\/de\/ueber-uns\/\",\"url\":\"https:\/\/bentrio.com\/de\/ueber-uns\/\",\"name\":\"\u00dcber uns - Bentrio\",\"isPartOf\":{\"@id\":\"https:\/\/bentrio.com\/de\/#website\"},\"primaryImageOfPage\":{\"@id\":\"https:\/\/bentrio.com\/de\/ueber-uns\/#primaryimage\"},\"image\":{\"@id\":\"https:\/\/bentrio.com\/de\/ueber-uns\/#primaryimage\"},\"thumbnailUrl\":\"https:\/\/bentrio.com\/wp-content\/uploads\/Hero_About-2.jpg\",\"datePublished\":\"2022-03-29T09:23:09+00:00\",\"dateModified\":\"2024-10-28T09:46:20+00:00\",\"breadcrumb\":{\"@id\":\"https:\/\/bentrio.com\/de\/ueber-uns\/#breadcrumb\"},\"inLanguage\":\"de\",\"potentialAction\":[{\"@type\":\"ReadAction\",\"target\":[\"https:\/\/bentrio.com\/de\/ueber-uns\/\"]}]},{\"@type\":\"ImageObject\",\"inLanguage\":\"de\",\"@id\":\"https:\/\/bentrio.com\/de\/ueber-uns\/#primaryimage\",\"url\":\"https:\/\/bentrio.com\/wp-content\/uploads\/Hero_About-2.jpg\",\"contentUrl\":\"https:\/\/bentrio.com\/wp-content\/uploads\/Hero_About-2.jpg\"},{\"@type\":\"BreadcrumbList\",\"@id\":\"https:\/\/bentrio.com\/de\/ueber-uns\/#breadcrumb\",\"itemListElement\":[{\"@type\":\"ListItem\",\"position\":1,\"name\":\"Home\",\"item\":\"https:\/\/bentrio.com\/de\/\"},{\"@type\":\"ListItem\",\"position\":2,\"name\":\"\u00dcber uns\"}]},{\"@type\":\"WebSite\",\"@id\":\"https:\/\/bentrio.com\/de\/#website\",\"url\":\"https:\/\/bentrio.com\/de\/\",\"name\":\"Bentrio\",\"description\":\"Helps protect from allergens\",\"publisher\":{\"@id\":\"https:\/\/bentrio.com\/de\/#organization\"},\"potentialAction\":[{\"@type\":\"SearchAction\",\"target\":{\"@type\":\"EntryPoint\",\"urlTemplate\":\"https:\/\/bentrio.com\/de\/?s={search_term_string}\"},\"query-input\":{\"@type\":\"PropertyValueSpecification\",\"valueRequired\":true,\"valueName\":\"search_term_string\"}}],\"inLanguage\":\"de\"},{\"@type\":\"Organization\",\"@id\":\"https:\/\/bentrio.com\/de\/#organization\",\"name\":\"Bentrio\",\"url\":\"https:\/\/bentrio.com\/de\/\",\"logo\":{\"@type\":\"ImageObject\",\"inLanguage\":\"de\",\"@id\":\"https:\/\/bentrio.com\/de\/#\/schema\/logo\/image\/\",\"url\":\"https:\/\/bentrio.com\/wp-content\/uploads\/about_All.jpg\",\"contentUrl\":\"https:\/\/bentrio.com\/wp-content\/uploads\/about_All.jpg\",\"width\":2280,\"height\":820,\"caption\":\"Bentrio\"},\"image\":{\"@id\":\"https:\/\/bentrio.com\/de\/#\/schema\/logo\/image\/\"}}]}<\/script>\n<!-- \/ Yoast SEO plugin. -->","yoast_head_json":{"title":"\u00dcber uns - Bentrio","robots":{"index":"index","follow":"follow","max-snippet":"max-snippet:-1","max-image-preview":"max-image-preview:large","max-video-preview":"max-video-preview:-1"},"canonical":"https:\/\/bentrio.com\/de\/ueber-uns\/","og_locale":"de_DE","og_type":"article","og_title":"\u00dcber uns - Bentrio","og_description":"Unser Team und unsere Vision Wir bei Altamira Medica wollen den Menschen helfen, ihr Leben selbstbestimmt zu meistern, wenn es um den Schutz vor Allergenen in der Luft geht. Auf der Grundlage unserer umfassenden Erfahrung in der Entwicklung intranasaler Sprays konzentrieren wir uns auf die Entwicklung wirksamer, sicherer und leicht zug\u00e4nglicher L\u00f6sungen zur Bek\u00e4mpfung von [&hellip;]","og_url":"https:\/\/bentrio.com\/de\/ueber-uns\/","og_site_name":"Bentrio","article_modified_time":"2024-10-28T09:46:20+00:00","og_image":[{"url":"https:\/\/bentrio.com\/wp-content\/uploads\/Hero_About-2.jpg","type":"","width":"","height":""}],"twitter_card":"summary_large_image","twitter_misc":{"Gesch\u00e4tzte Lesezeit":"1\u00a0Minute"},"schema":{"@context":"https:\/\/schema.org","@graph":[{"@type":"WebPage","@id":"https:\/\/bentrio.com\/de\/ueber-uns\/","url":"https:\/\/bentrio.com\/de\/ueber-uns\/","name":"\u00dcber uns - Bentrio","isPartOf":{"@id":"https:\/\/bentrio.com\/de\/#website"},"primaryImageOfPage":{"@id":"https:\/\/bentrio.com\/de\/ueber-uns\/#primaryimage"},"image":{"@id":"https:\/\/bentrio.com\/de\/ueber-uns\/#primaryimage"},"thumbnailUrl":"https:\/\/bentrio.com\/wp-content\/uploads\/Hero_About-2.jpg","datePublished":"2022-03-29T09:23:09+00:00","dateModified":"2024-10-28T09:46:20+00:00","breadcrumb":{"@id":"https:\/\/bentrio.com\/de\/ueber-uns\/#breadcrumb"},"inLanguage":"de","potentialAction":[{"@type":"ReadAction","target":["https:\/\/bentrio.com\/de\/ueber-uns\/"]}]},{"@type":"ImageObject","inLanguage":"de","@id":"https:\/\/bentrio.com\/de\/ueber-uns\/#primaryimage","url":"https:\/\/bentrio.com\/wp-content\/uploads\/Hero_About-2.jpg","contentUrl":"https:\/\/bentrio.com\/wp-content\/uploads\/Hero_About-2.jpg"},{"@type":"BreadcrumbList","@id":"https:\/\/bentrio.com\/de\/ueber-uns\/#breadcrumb","itemListElement":[{"@type":"ListItem","position":1,"name":"Home","item":"https:\/\/bentrio.com\/de\/"},{"@type":"ListItem","position":2,"name":"\u00dcber uns"}]},{"@type":"WebSite","@id":"https:\/\/bentrio.com\/de\/#website","url":"https:\/\/bentrio.com\/de\/","name":"Bentrio","description":"Helps protect from allergens","publisher":{"@id":"https:\/\/bentrio.com\/de\/#organization"},"potentialAction":[{"@type":"SearchAction","target":{"@type":"EntryPoint","urlTemplate":"https:\/\/bentrio.com\/de\/?s={search_term_string}"},"query-input":{"@type":"PropertyValueSpecification","valueRequired":true,"valueName":"search_term_string"}}],"inLanguage":"de"},{"@type":"Organization","@id":"https:\/\/bentrio.com\/de\/#organization","name":"Bentrio","url":"https:\/\/bentrio.com\/de\/","logo":{"@type":"ImageObject","inLanguage":"de","@id":"https:\/\/bentrio.com\/de\/#\/schema\/logo\/image\/","url":"https:\/\/bentrio.com\/wp-content\/uploads\/about_All.jpg","contentUrl":"https:\/\/bentrio.com\/wp-content\/uploads\/about_All.jpg","width":2280,"height":820,"caption":"Bentrio"},"image":{"@id":"https:\/\/bentrio.com\/de\/#\/schema\/logo\/image\/"}}]}},"_links":{"self":[{"href":"https:\/\/bentrio.com\/de\/wp-json\/wp\/v2\/pages\/426","targetHints":{"allow":["GET"]}}],"collection":[{"href":"https:\/\/bentrio.com\/de\/wp-json\/wp\/v2\/pages"}],"about":[{"href":"https:\/\/bentrio.com\/de\/wp-json\/wp\/v2\/types\/page"}],"author":[{"embeddable":true,"href":"https:\/\/bentrio.com\/de\/wp-json\/wp\/v2\/users\/1"}],"replies":[{"embeddable":true,"href":"https:\/\/bentrio.com\/de\/wp-json\/wp\/v2\/comments?post=426"}],"version-history":[{"count":12,"href":"https:\/\/bentrio.com\/de\/wp-json\/wp\/v2\/pages\/426\/revisions"}],"predecessor-version":[{"id":5717,"href":"https:\/\/bentrio.com\/de\/wp-json\/wp\/v2\/pages\/426\/revisions\/5717"}],"wp:attachment":[{"href":"https:\/\/bentrio.com\/de\/wp-json\/wp\/v2\/media?parent=426"}],"curies":[{"name":"wp","href":"https:\/\/api.w.org\/{rel}","templated":true}]}}