{"id":427,"date":"2022-03-29T11:23:21","date_gmt":"2022-03-29T09:23:21","guid":{"rendered":"https:\/\/bentrio-2022.bentrio.com\/blog\/"},"modified":"2025-12-15T15:45:06","modified_gmt":"2025-12-15T14:45:06","slug":"blog","status":"publish","type":"page","link":"https:\/\/bentrio.com\/de\/blog\/","title":{"rendered":"Blog"},"content":{"rendered":"\n<div class=\"wp-block-cover alignfull is-light set-hero-image\"><img loading=\"lazy\" decoding=\"async\" width=\"2280\" height=\"1000\" class=\"wp-block-cover__image-background wp-image-4468\" alt=\"\" src=\"https:\/\/bentrio.com\/wp-content\/uploads\/Hero_Blog-2.jpg\" style=\"object-position:78% 44%\" data-object-fit=\"cover\" data-object-position=\"78% 44%\" srcset=\"https:\/\/bentrio.com\/wp-content\/uploads\/Hero_Blog-2.jpg 2280w, https:\/\/bentrio.com\/wp-content\/uploads\/Hero_Blog-2-300x132.jpg 300w, https:\/\/bentrio.com\/wp-content\/uploads\/Hero_Blog-2-1024x449.jpg 1024w, https:\/\/bentrio.com\/wp-content\/uploads\/Hero_Blog-2-768x337.jpg 768w, https:\/\/bentrio.com\/wp-content\/uploads\/Hero_Blog-2-1536x674.jpg 1536w, https:\/\/bentrio.com\/wp-content\/uploads\/Hero_Blog-2-2048x898.jpg 2048w, https:\/\/bentrio.com\/wp-content\/uploads\/Hero_Blog-2-1920x842.jpg 1920w\" sizes=\"auto, (max-width: 2280px) 100vw, 2280px\" \/><span aria-hidden=\"true\" class=\"wp-block-cover__background has-background-dim-0 has-background-dim\"><\/span><div class=\"wp-block-cover__inner-container is-layout-flow wp-block-cover-is-layout-flow\">\n<h1 class=\"wp-block-heading is-style-sub-title-1 wow bounceInUp has-white-color has-text-color\"><strong>News Blog &#8211; Wissenswertes \u00fcber die Nase und ihre Funktionen<\/strong><\/h1>\n\n\n\n<div style=\"height:140px\" aria-hidden=\"true\" class=\"wp-block-spacer is-style-default\"><\/div>\n<\/div><\/div>\n\n\n\n<h2 class=\"wp-block-heading show-hero-title\">News Blog &#8211; Wissenswertes \u00fcber die Nase und ihre Funktionen<\/h2>\n\n\n\n<div style=\"height:100px\" aria-hidden=\"true\" class=\"wp-block-spacer is-style-space-1\"><\/div>\n\n\n\n<div class=\"wp-block-group\"><div class=\"wp-block-group__inner-container is-layout-flow wp-block-group-is-layout-flow\"><ul class=\"wp-block-latest-posts__list has-dates wp-block-latest-posts\"><li><a class=\"wp-block-latest-posts__post-title\" href=\"https:\/\/bentrio.com\/de\/2026\/01\/05\/bentrio-nasenspray-in-china-zugelassen-ein-grosser-schritt-nach-vorn-fuer-die-allergiebehandlung\/\">Bentrio\u00ae Nasenspray in China zugelassen: Ein grosser Schritt nach vorn f\u00fcr die Allergiebehandlung<\/a><time datetime=\"2026-01-05T17:05:13+01:00\" class=\"wp-block-latest-posts__post-date\">Januar 5, 2026<\/time><div class=\"wp-block-latest-posts__post-excerpt\">Allergische Rhinitis \u2013 oft auch Heuschnupfen genannt \u2013 ist mehr als nur eine laufende Nase. F\u00fcr Millionen von Menschen bedeutet sie Niesanf\u00e4lle, eine verstopfte Nase, juckende Augen, schlechten Schlaf und eine\u2026\u00a0<a class=\"wp-block-latest-posts__read-more\" href=\"https:\/\/bentrio.com\/de\/2026\/01\/05\/bentrio-nasenspray-in-china-zugelassen-ein-grosser-schritt-nach-vorn-fuer-die-allergiebehandlung\/\" rel=\"noopener noreferrer\"><span class=\"screen-reader-text\">Bentrio\u00ae Nasenspray in China zugelassen: Ein grosser Schritt nach vorn f\u00fcr die Allergiebehandlung <\/span>weiterlesen<\/a><\/div><\/li>\n<li><a class=\"wp-block-latest-posts__post-title\" href=\"https:\/\/bentrio.com\/de\/2025\/12\/12\/bentrio-erreicht-eu-mdr-zertifizierung-ein-grosser-schritt-nach-vorn-fuer-den-allergieschutz\/\">Bentrio erreicht EU-MDR-Zertifizierung \u2014 ein grosser Schritt nach vorn f\u00fcr den Allergieschutz<\/a><time datetime=\"2025-12-12T16:49:58+01:00\" class=\"wp-block-latest-posts__post-date\">Dezember 12, 2025<\/time><div class=\"wp-block-latest-posts__post-excerpt\">Altamira Medica hat einen wichtigen Meilenstein erreicht: Bentrio\u00ae, das arzneimittelfreie Nasenspray zum Schutz vor luftgetragenen Allergenen, ist nun offiziell gem\u00e4ss der Medizinprodukteverordnung der Europ\u00e4ischen Union (MDR) zertifiziert. Diese Zertifizierung best\u00e4tigt die\u2026\u00a0<a class=\"wp-block-latest-posts__read-more\" href=\"https:\/\/bentrio.com\/de\/2025\/12\/12\/bentrio-erreicht-eu-mdr-zertifizierung-ein-grosser-schritt-nach-vorn-fuer-den-allergieschutz\/\" rel=\"noopener noreferrer\"><span class=\"screen-reader-text\">Bentrio erreicht EU-MDR-Zertifizierung \u2014 ein grosser Schritt nach vorn f\u00fcr den Allergieschutz <\/span>weiterlesen<\/a><\/div><\/li>\n<li><a class=\"wp-block-latest-posts__post-title\" href=\"https:\/\/bentrio.com\/de\/2025\/12\/12\/bentrio-achieves-eu-mdr-certification-a-big-step-forward-for-allergy-protection\/\">Bentrio Achieves EU MDR Certification \u2014 A Big Step Forward for Allergy Protection<\/a><time datetime=\"2025-12-12T13:17:45+01:00\" class=\"wp-block-latest-posts__post-date\">Dezember 12, 2025<\/time><div class=\"wp-block-latest-posts__post-excerpt\">Altamira Medica reached an important milestone: Bentrio\u00ae, the drug-free nasal spray for protection against airborne allergens, is now officially certified under the European Union Medical Device Regulation (MDR). This certification declares\u2026\u00a0<a class=\"wp-block-latest-posts__read-more\" href=\"https:\/\/bentrio.com\/de\/2025\/12\/12\/bentrio-achieves-eu-mdr-certification-a-big-step-forward-for-allergy-protection\/\" rel=\"noopener noreferrer\"><span class=\"screen-reader-text\">Bentrio Achieves EU MDR Certification \u2014 A Big Step Forward for Allergy Protection <\/span>weiterlesen<\/a><\/div><\/li>\n<li><a class=\"wp-block-latest-posts__post-title\" href=\"https:\/\/bentrio.com\/de\/2023\/09\/28\/ausfuehrliches-gespraech-dr-thomas-meyer-bespricht-bentrio-mit-healio\/\">Ausf\u00fchrliches Gespr\u00e4ch: Dr. Thomas Meyer bespricht Bentrio mit Healio<\/a><time datetime=\"2023-09-28T23:10:08+02:00\" class=\"wp-block-latest-posts__post-date\">September 28, 2023<\/time><div class=\"wp-block-latest-posts__post-excerpt\">Wir freuen uns, bekannt zu geben, dass Bentrio Nasenspray in einem Interview mit unserem CEO, Dr. Thomas Meyer, auf Healio vorgestellt wurde. Dr. Meyer erl\u00e4uterte die innovative Formulierung von Bentrio und\u2026\u00a0<a class=\"wp-block-latest-posts__read-more\" href=\"https:\/\/bentrio.com\/de\/2023\/09\/28\/ausfuehrliches-gespraech-dr-thomas-meyer-bespricht-bentrio-mit-healio\/\" rel=\"noopener noreferrer\"><span class=\"screen-reader-text\">Ausf\u00fchrliches Gespr\u00e4ch: Dr. Thomas Meyer bespricht Bentrio mit Healio <\/span>weiterlesen<\/a><\/div><\/li>\n<li><a class=\"wp-block-latest-posts__post-title\" href=\"https:\/\/bentrio.com\/de\/2023\/09\/20\/ambrosia-allergies-ways-to-find-relief\/\">Ambrosia-Allergien &#8211; Wege zur Linderung<\/a><time datetime=\"2023-09-20T13:48:21+02:00\" class=\"wp-block-latest-posts__post-date\">September 20, 2023<\/time><div class=\"wp-block-latest-posts__post-excerpt\">Im September, einem Monat, in dem die Ambrosia in einigen Regionen besonders aktiv ist, ist es von entscheidender Bedeutung, die Symptome von Ambrosia-Allergien zu verstehen und nach wirksamen L\u00f6sungen zu suchen.\u2026\u00a0<a class=\"wp-block-latest-posts__read-more\" href=\"https:\/\/bentrio.com\/de\/2023\/09\/20\/ambrosia-allergies-ways-to-find-relief\/\" rel=\"noopener noreferrer\"><span class=\"screen-reader-text\">Ambrosia-Allergien &#8211; Wege zur Linderung <\/span>weiterlesen<\/a><\/div><\/li>\n<li><a class=\"wp-block-latest-posts__post-title\" href=\"https:\/\/bentrio.com\/de\/2023\/07\/19\/essential-spring-cleaning-tips-to-combat-allergy-symptoms-in-your-home\/\">Unverzichtbare Fr\u00fchjahrsputz-Tipps zur Bek\u00e4mpfung von Allergie-Symptomen in Ihrem Haus<\/a><time datetime=\"2023-07-19T09:45:02+02:00\" class=\"wp-block-latest-posts__post-date\">Juli 19, 2023<\/time><div class=\"wp-block-latest-posts__post-excerpt\">Der Fr\u00fchling l\u00f6st h\u00e4ufig Allergiesymptome aus, die auf einen erh\u00f6hten Pollenflug und andere Allergene zur\u00fcckzuf\u00fchren sind. Um diese Symptome zu lindern, ist es wichtig, einen gr\u00fcndlichen Fr\u00fchjahrsputz durchzuf\u00fchren, der sich auf die wichtigsten Bereiche in Ihrer Wohnung konzentriert, in denen sich Allergene ansammeln k\u00f6nnen. Die folgenden Vorschl\u00e4ge helfen Ihnen, ein ges\u00fcnderes Lebensumfeld zu schaffen und Allergiesymptome in Ihrem Haushalt zu verringern.\n\n<\/div><\/li>\n<li><a class=\"wp-block-latest-posts__post-title\" href=\"https:\/\/bentrio.com\/de\/2023\/07\/19\/allergies-a-burden-not-only-for-the-individuals-suffering-from-it-but-also-for-our-health-system\/\">Hausstaubmilben<\/a><time datetime=\"2023-07-19T09:27:23+02:00\" class=\"wp-block-latest-posts__post-date\">Juli 19, 2023<\/time><div class=\"wp-block-latest-posts__post-excerpt\">In Deutschland leiden etwa 5,8 Millionen Menschen an Hausstaubmilbenallergie, wobei Tierhaarallergien noch gar nicht ber\u00fccksichtigt sind. Die Betroffenen m\u00fcssen sich das ganze Jahr \u00fcber mit Vorbeugung und Symptombehandlung besch\u00e4ftigen. Hausstaubmilben sind\u2026\u00a0<a class=\"wp-block-latest-posts__read-more\" href=\"https:\/\/bentrio.com\/de\/2023\/07\/19\/allergies-a-burden-not-only-for-the-individuals-suffering-from-it-but-also-for-our-health-system\/\" rel=\"noopener noreferrer\"><span class=\"screen-reader-text\">Hausstaubmilben <\/span>weiterlesen<\/a><\/div><\/li>\n<li><a class=\"wp-block-latest-posts__post-title\" href=\"https:\/\/bentrio.com\/de\/2023\/07\/19\/the-allergy-boom-every-second-person-affected-by-2050-according-to-who\/\">Der Allergie-Boom: Laut WHO ist bis 2050 jeder zweite Mensch betroffen<\/a><time datetime=\"2023-07-19T09:23:23+02:00\" class=\"wp-block-latest-posts__post-date\">Juli 19, 2023<\/time><div class=\"wp-block-latest-posts__post-excerpt\">Allergien treten immer h\u00e4ufiger auf, wobei der Klimawandel und die steigenden Temperaturen die Symptome verschlimmern. Es kann zu verschiedenen allergischen Reaktionen kommen, wie Dermatitis, Rhinitis, Konjunktivitis und Asthma. Die Weltgesundheitsorganisation sagt\u2026\u00a0<a class=\"wp-block-latest-posts__read-more\" href=\"https:\/\/bentrio.com\/de\/2023\/07\/19\/the-allergy-boom-every-second-person-affected-by-2050-according-to-who\/\" rel=\"noopener noreferrer\"><span class=\"screen-reader-text\">Der Allergie-Boom: Laut WHO ist bis 2050 jeder zweite Mensch betroffen <\/span>weiterlesen<\/a><\/div><\/li>\n<\/ul><\/div><\/div>\n\n\n\n<div style=\"height:100px\" aria-hidden=\"true\" class=\"wp-block-spacer\"><\/div>\n","protected":false},"excerpt":{"rendered":"<p>News Blog &#8211; Wissenswertes \u00fcber die Nase und ihre Funktionen<\/p>\n","protected":false},"author":1,"featured_media":0,"parent":0,"menu_order":0,"comment_status":"closed","ping_status":"closed","template":"","meta":{"_acf_changed":false,"footnotes":""},"class_list":["post-427","page","type-page","status-publish","hentry"],"acf":[],"yoast_head":"<!-- This site is optimized with the Yoast SEO plugin v27.1.1 - https:\/\/yoast.com\/product\/yoast-seo-wordpress\/ -->\n<title>Blog - Bentrio<\/title>\n<meta name=\"robots\" content=\"index, follow, max-snippet:-1, max-image-preview:large, max-video-preview:-1\" \/>\n<link rel=\"canonical\" href=\"https:\/\/bentrio.com\/de\/blog\/\" \/>\n<meta property=\"og:locale\" content=\"de_DE\" \/>\n<meta property=\"og:type\" content=\"article\" \/>\n<meta property=\"og:title\" content=\"Blog - Bentrio\" \/>\n<meta property=\"og:description\" content=\"News Blog &#8211; Wissenswertes \u00fcber die Nase und ihre Funktionen\" \/>\n<meta property=\"og:url\" content=\"https:\/\/bentrio.com\/de\/blog\/\" \/>\n<meta property=\"og:site_name\" content=\"Bentrio\" \/>\n<meta property=\"article:modified_time\" content=\"2025-12-15T14:45:06+00:00\" \/>\n<meta property=\"og:image\" content=\"https:\/\/bentrio.com\/wp-content\/uploads\/Hero_Blog-2.jpg\" \/>\n\t<meta property=\"og:image:width\" content=\"2280\" \/>\n\t<meta property=\"og:image:height\" content=\"1000\" \/>\n\t<meta property=\"og:image:type\" content=\"image\/jpeg\" \/>\n<meta name=\"twitter:card\" content=\"summary_large_image\" \/>\n<meta name=\"twitter:label1\" content=\"Gesch\u00e4tzte Lesezeit\" \/>\n\t<meta name=\"twitter:data1\" content=\"1\u00a0Minute\" \/>\n<script type=\"application\/ld+json\" class=\"yoast-schema-graph\">{\"@context\":\"https:\/\/schema.org\",\"@graph\":[{\"@type\":\"WebPage\",\"@id\":\"https:\/\/bentrio.com\/de\/blog\/\",\"url\":\"https:\/\/bentrio.com\/de\/blog\/\",\"name\":\"Blog - Bentrio\",\"isPartOf\":{\"@id\":\"https:\/\/bentrio.com\/de\/#website\"},\"primaryImageOfPage\":{\"@id\":\"https:\/\/bentrio.com\/de\/blog\/#primaryimage\"},\"image\":{\"@id\":\"https:\/\/bentrio.com\/de\/blog\/#primaryimage\"},\"thumbnailUrl\":\"https:\/\/bentrio.com\/wp-content\/uploads\/Hero_Blog-2.jpg\",\"datePublished\":\"2022-03-29T09:23:21+00:00\",\"dateModified\":\"2025-12-15T14:45:06+00:00\",\"breadcrumb\":{\"@id\":\"https:\/\/bentrio.com\/de\/blog\/#breadcrumb\"},\"inLanguage\":\"de\",\"potentialAction\":[{\"@type\":\"ReadAction\",\"target\":[\"https:\/\/bentrio.com\/de\/blog\/\"]}]},{\"@type\":\"ImageObject\",\"inLanguage\":\"de\",\"@id\":\"https:\/\/bentrio.com\/de\/blog\/#primaryimage\",\"url\":\"https:\/\/bentrio.com\/wp-content\/uploads\/Hero_Blog-2.jpg\",\"contentUrl\":\"https:\/\/bentrio.com\/wp-content\/uploads\/Hero_Blog-2.jpg\"},{\"@type\":\"BreadcrumbList\",\"@id\":\"https:\/\/bentrio.com\/de\/blog\/#breadcrumb\",\"itemListElement\":[{\"@type\":\"ListItem\",\"position\":1,\"name\":\"Home\",\"item\":\"https:\/\/bentrio.com\/de\/\"},{\"@type\":\"ListItem\",\"position\":2,\"name\":\"Blog\"}]},{\"@type\":\"WebSite\",\"@id\":\"https:\/\/bentrio.com\/de\/#website\",\"url\":\"https:\/\/bentrio.com\/de\/\",\"name\":\"Bentrio\",\"description\":\"Helps protect from allergens\",\"publisher\":{\"@id\":\"https:\/\/bentrio.com\/de\/#organization\"},\"potentialAction\":[{\"@type\":\"SearchAction\",\"target\":{\"@type\":\"EntryPoint\",\"urlTemplate\":\"https:\/\/bentrio.com\/de\/?s={search_term_string}\"},\"query-input\":{\"@type\":\"PropertyValueSpecification\",\"valueRequired\":true,\"valueName\":\"search_term_string\"}}],\"inLanguage\":\"de\"},{\"@type\":\"Organization\",\"@id\":\"https:\/\/bentrio.com\/de\/#organization\",\"name\":\"Bentrio\",\"url\":\"https:\/\/bentrio.com\/de\/\",\"logo\":{\"@type\":\"ImageObject\",\"inLanguage\":\"de\",\"@id\":\"https:\/\/bentrio.com\/de\/#\/schema\/logo\/image\/\",\"url\":\"https:\/\/bentrio.com\/wp-content\/uploads\/about_All.jpg\",\"contentUrl\":\"https:\/\/bentrio.com\/wp-content\/uploads\/about_All.jpg\",\"width\":2280,\"height\":820,\"caption\":\"Bentrio\"},\"image\":{\"@id\":\"https:\/\/bentrio.com\/de\/#\/schema\/logo\/image\/\"}}]}<\/script>\n<!-- \/ Yoast SEO plugin. -->","yoast_head_json":{"title":"Blog - Bentrio","robots":{"index":"index","follow":"follow","max-snippet":"max-snippet:-1","max-image-preview":"max-image-preview:large","max-video-preview":"max-video-preview:-1"},"canonical":"https:\/\/bentrio.com\/de\/blog\/","og_locale":"de_DE","og_type":"article","og_title":"Blog - Bentrio","og_description":"News Blog &#8211; Wissenswertes \u00fcber die Nase und ihre Funktionen","og_url":"https:\/\/bentrio.com\/de\/blog\/","og_site_name":"Bentrio","article_modified_time":"2025-12-15T14:45:06+00:00","og_image":[{"width":2280,"height":1000,"url":"https:\/\/bentrio.com\/wp-content\/uploads\/Hero_Blog-2.jpg","type":"image\/jpeg"}],"twitter_card":"summary_large_image","twitter_misc":{"Gesch\u00e4tzte Lesezeit":"1\u00a0Minute"},"schema":{"@context":"https:\/\/schema.org","@graph":[{"@type":"WebPage","@id":"https:\/\/bentrio.com\/de\/blog\/","url":"https:\/\/bentrio.com\/de\/blog\/","name":"Blog - Bentrio","isPartOf":{"@id":"https:\/\/bentrio.com\/de\/#website"},"primaryImageOfPage":{"@id":"https:\/\/bentrio.com\/de\/blog\/#primaryimage"},"image":{"@id":"https:\/\/bentrio.com\/de\/blog\/#primaryimage"},"thumbnailUrl":"https:\/\/bentrio.com\/wp-content\/uploads\/Hero_Blog-2.jpg","datePublished":"2022-03-29T09:23:21+00:00","dateModified":"2025-12-15T14:45:06+00:00","breadcrumb":{"@id":"https:\/\/bentrio.com\/de\/blog\/#breadcrumb"},"inLanguage":"de","potentialAction":[{"@type":"ReadAction","target":["https:\/\/bentrio.com\/de\/blog\/"]}]},{"@type":"ImageObject","inLanguage":"de","@id":"https:\/\/bentrio.com\/de\/blog\/#primaryimage","url":"https:\/\/bentrio.com\/wp-content\/uploads\/Hero_Blog-2.jpg","contentUrl":"https:\/\/bentrio.com\/wp-content\/uploads\/Hero_Blog-2.jpg"},{"@type":"BreadcrumbList","@id":"https:\/\/bentrio.com\/de\/blog\/#breadcrumb","itemListElement":[{"@type":"ListItem","position":1,"name":"Home","item":"https:\/\/bentrio.com\/de\/"},{"@type":"ListItem","position":2,"name":"Blog"}]},{"@type":"WebSite","@id":"https:\/\/bentrio.com\/de\/#website","url":"https:\/\/bentrio.com\/de\/","name":"Bentrio","description":"Helps protect from allergens","publisher":{"@id":"https:\/\/bentrio.com\/de\/#organization"},"potentialAction":[{"@type":"SearchAction","target":{"@type":"EntryPoint","urlTemplate":"https:\/\/bentrio.com\/de\/?s={search_term_string}"},"query-input":{"@type":"PropertyValueSpecification","valueRequired":true,"valueName":"search_term_string"}}],"inLanguage":"de"},{"@type":"Organization","@id":"https:\/\/bentrio.com\/de\/#organization","name":"Bentrio","url":"https:\/\/bentrio.com\/de\/","logo":{"@type":"ImageObject","inLanguage":"de","@id":"https:\/\/bentrio.com\/de\/#\/schema\/logo\/image\/","url":"https:\/\/bentrio.com\/wp-content\/uploads\/about_All.jpg","contentUrl":"https:\/\/bentrio.com\/wp-content\/uploads\/about_All.jpg","width":2280,"height":820,"caption":"Bentrio"},"image":{"@id":"https:\/\/bentrio.com\/de\/#\/schema\/logo\/image\/"}}]}},"_links":{"self":[{"href":"https:\/\/bentrio.com\/de\/wp-json\/wp\/v2\/pages\/427","targetHints":{"allow":["GET"]}}],"collection":[{"href":"https:\/\/bentrio.com\/de\/wp-json\/wp\/v2\/pages"}],"about":[{"href":"https:\/\/bentrio.com\/de\/wp-json\/wp\/v2\/types\/page"}],"author":[{"embeddable":true,"href":"https:\/\/bentrio.com\/de\/wp-json\/wp\/v2\/users\/1"}],"replies":[{"embeddable":true,"href":"https:\/\/bentrio.com\/de\/wp-json\/wp\/v2\/comments?post=427"}],"version-history":[{"count":7,"href":"https:\/\/bentrio.com\/de\/wp-json\/wp\/v2\/pages\/427\/revisions"}],"predecessor-version":[{"id":5846,"href":"https:\/\/bentrio.com\/de\/wp-json\/wp\/v2\/pages\/427\/revisions\/5846"}],"wp:attachment":[{"href":"https:\/\/bentrio.com\/de\/wp-json\/wp\/v2\/media?parent=427"}],"curies":[{"name":"wp","href":"https:\/\/api.w.org\/{rel}","templated":true}]}}