{"id":430,"date":"2022-03-29T11:23:51","date_gmt":"2022-03-29T09:23:51","guid":{"rendered":"https:\/\/bentrio-2022.bentrio.com\/shop\/"},"modified":"2025-12-16T09:58:44","modified_gmt":"2025-12-16T08:58:44","slug":"produkt","status":"publish","type":"page","link":"https:\/\/bentrio.com\/de\/produkt\/","title":{"rendered":"Produkt"},"content":{"rendered":"\n<div style=\"height:100px\" aria-hidden=\"true\" class=\"wp-block-spacer is-style-default\"><\/div>\n\n\n\n<div class=\"wp-block-columns is-layout-flex wp-container-core-columns-is-layout-9d6595d7 wp-block-columns-is-layout-flex\">\n<div class=\"wp-block-column is-layout-flow wp-block-column-is-layout-flow\" style=\"flex-basis:40%\">\n<figure class=\"wp-block-image size-full\"><img loading=\"lazy\" decoding=\"async\" width=\"2048\" height=\"2560\" src=\"https:\/\/bentrio.com\/wp-content\/uploads\/Bentrio_EN-2-scaled.jpg\" alt=\"\" class=\"wp-image-4677\" srcset=\"https:\/\/bentrio.com\/wp-content\/uploads\/Bentrio_EN-2-scaled.jpg 2048w, https:\/\/bentrio.com\/wp-content\/uploads\/Bentrio_EN-2-240x300.jpg 240w, https:\/\/bentrio.com\/wp-content\/uploads\/Bentrio_EN-2-819x1024.jpg 819w, https:\/\/bentrio.com\/wp-content\/uploads\/Bentrio_EN-2-768x960.jpg 768w, https:\/\/bentrio.com\/wp-content\/uploads\/Bentrio_EN-2-1229x1536.jpg 1229w, https:\/\/bentrio.com\/wp-content\/uploads\/Bentrio_EN-2-1638x2048.jpg 1638w, https:\/\/bentrio.com\/wp-content\/uploads\/Bentrio_EN-2-1920x2400.jpg 1920w\" sizes=\"auto, (max-width: 2048px) 100vw, 2048px\" \/><\/figure>\n<\/div>\n\n\n\n<div class=\"wp-block-column is-layout-flow wp-block-column-is-layout-flow\" style=\"flex-basis:60%\">\n<h2 class=\"wp-block-heading\"><strong>BENTRIO\u00ae NASENSPRAY<\/strong><\/h2>\n\n\n\n<p class=\"is-style-text-teaser\">Nehmen Sie Ihren zus\u00e4tzlichen Schutz vor luftgetragenen Allergenen selbst in die Hand. Sichern Sie sich jetzt Ihren Vorrat an Bentrio\u00ae Nasenspray.<\/p>\n\n\n\n<div style=\"height:100px\" aria-hidden=\"true\" class=\"wp-block-spacer\"><\/div>\n\n\n\n<p>Wir haben die EU-MDR-Zertifizierung von Bentrio\u00ae als Medizinprodukt der Klasse IIa erfolgreich abgeschlossen. Derzeit bereiten wir den erneuten Markteintritt vor, sodass das Produkt rechtzeitig zur n\u00e4chsten Allergiesaison wieder verf\u00fcgbar sein wird. Vielen Dank f\u00fcr Ihr Verst\u00e4ndnis.<br><\/p>\n<\/div>\n<\/div>\n\n\n\n<div style=\"height:100px\" aria-hidden=\"true\" class=\"wp-block-spacer is-style-space-1\"><\/div>\n\n\n\n<h2 class=\"wp-block-heading is-style-sub-title-2\"><strong>\u00dcBERBLICK<\/strong><\/h2>\n\n\n\n<p class=\"is-style-text-distance\">Mit Bentrio\u00ae Nasenspray st\u00e4rken Sie den nat\u00fcrlichen Schutz Ihrer Nase. Die Gel-Emulsion harmoniert mit der nat\u00fcrlichen Barrierefunktion der Nasenschleimhaut und bietet mindestens drei Stunden lang zus\u00e4tzlichen Schutz vor eingeatmeten Allergenen wie Pollen oder Hausstaubmilben, was durch klinische Studien best\u00e4tigt wurde. Erleben Sie mit Bentrio\u00ae eine unbeschwerte Atmung.<\/p>\n\n\n\n<div style=\"height:100px\" aria-hidden=\"true\" class=\"wp-block-spacer is-style-space-2\"><\/div>\n\n\n\n<div class=\"wp-block-columns is-layout-flex wp-container-core-columns-is-layout-9d6595d7 wp-block-columns-is-layout-flex\">\n<div class=\"wp-block-column is-layout-flow wp-block-column-is-layout-flow\"><div class=\"wp-block-image\">\n<figure class=\"aligncenter size-full is-resized\"><img loading=\"lazy\" decoding=\"async\" width=\"834\" height=\"835\" src=\"https:\/\/bentrio.com\/wp-content\/uploads\/icon-fast.png\" alt=\"\" class=\"wp-image-4038\" style=\"width:80px;height:80px\" srcset=\"https:\/\/bentrio.com\/wp-content\/uploads\/icon-fast.png 834w, https:\/\/bentrio.com\/wp-content\/uploads\/icon-fast-300x300.png 300w, https:\/\/bentrio.com\/wp-content\/uploads\/icon-fast-150x150.png 150w, https:\/\/bentrio.com\/wp-content\/uploads\/icon-fast-768x769.png 768w\" sizes=\"auto, (max-width: 834px) 100vw, 834px\" \/><\/figure>\n<\/div>\n\n\n<h2 class=\"wp-block-heading has-text-align-center  no-margin\">Schnell<\/h2>\n\n\n\n<p class=\"has-text-align-center\">Beginnt nach 2 Minuten zu wirken<\/p>\n\n\n\n<div style=\"height:100px\" aria-hidden=\"true\" class=\"wp-block-spacer is-style-space-2\"><\/div>\n<\/div>\n\n\n\n<div class=\"wp-block-column is-layout-flow wp-block-column-is-layout-flow\"><div class=\"wp-block-image\">\n<figure class=\"aligncenter size-full is-resized\"><img loading=\"lazy\" decoding=\"async\" width=\"833\" height=\"833\" src=\"https:\/\/bentrio.com\/wp-content\/uploads\/icon-powerful-1.png\" alt=\"\" class=\"wp-image-4270\" style=\"width:80px;height:80px\" srcset=\"https:\/\/bentrio.com\/wp-content\/uploads\/icon-powerful-1.png 833w, https:\/\/bentrio.com\/wp-content\/uploads\/icon-powerful-1-300x300.png 300w, https:\/\/bentrio.com\/wp-content\/uploads\/icon-powerful-1-150x150.png 150w, https:\/\/bentrio.com\/wp-content\/uploads\/icon-powerful-1-768x768.png 768w\" sizes=\"auto, (max-width: 833px) 100vw, 833px\" \/><\/figure>\n<\/div>\n\n\n<h2 class=\"wp-block-heading has-text-align-center  no-margin\">Stark<\/h2>\n\n\n\n<p class=\"has-text-align-center\">Dreifache Wirkung: schirmt ab, bindet Partikel, befeuchtet<\/p>\n\n\n\n<div style=\"height:100px\" aria-hidden=\"true\" class=\"wp-block-spacer is-style-space-2\"><\/div>\n<\/div>\n\n\n\n<div class=\"wp-block-column is-layout-flow wp-block-column-is-layout-flow\"><div class=\"wp-block-image\">\n<figure class=\"aligncenter size-full is-resized\"><img loading=\"lazy\" decoding=\"async\" width=\"832\" height=\"833\" src=\"https:\/\/bentrio.com\/wp-content\/uploads\/icon-free.png\" alt=\"\" class=\"wp-image-4042\" style=\"width:80px;height:80px\" srcset=\"https:\/\/bentrio.com\/wp-content\/uploads\/icon-free.png 832w, https:\/\/bentrio.com\/wp-content\/uploads\/icon-free-300x300.png 300w, https:\/\/bentrio.com\/wp-content\/uploads\/icon-free-150x150.png 150w, https:\/\/bentrio.com\/wp-content\/uploads\/icon-free-768x769.png 768w\" sizes=\"auto, (max-width: 832px) 100vw, 832px\" \/><\/figure>\n<\/div>\n\n\n<h2 class=\"wp-block-heading has-text-align-center  no-margin\">Unbelastet<\/h2>\n\n\n\n<p class=\"has-text-align-center\">Frei von arzneilichen Wirkstoffen und Konservierungsmitteln.<br>Mit nat\u00fcrlichem Bentonit<\/p>\n\n\n\n<div style=\"height:100px\" aria-hidden=\"true\" class=\"wp-block-spacer is-style-space-1\"><\/div>\n<\/div>\n<\/div>\n\n\n\n<h2 class=\"wp-block-heading is-style-sub-title-2\"><strong>WIE MAN ES ANWENDET<\/strong><\/h2>\n\n\n\n<div class=\"wp-block-columns is-layout-flex wp-container-core-columns-is-layout-9d6595d7 wp-block-columns-is-layout-flex\">\n<div class=\"wp-block-column is-layout-flow wp-block-column-is-layout-flow\" style=\"flex-basis:66.66%\">\n<div class=\"wp-block-media-text is-stacked-on-mobile is-style-small-image\" style=\"grid-template-columns:25% auto\"><figure class=\"wp-block-media-text__media\"><img loading=\"lazy\" decoding=\"async\" width=\"288\" height=\"280\" src=\"https:\/\/bentrio.com\/wp-content\/uploads\/How-to-use-1.png\" alt=\"\" class=\"wp-image-5743 size-full\" \/><\/figure><div class=\"wp-block-media-text__content\">\n<p class=\"is-style-text-distance\">1 \u2013 Nase sanft schn\u00e4uzen.<br>2 \u2013 Schutzkappe entfernen.<br>3 \u2013 Pumpe vor der ersten Anwendung vorbereiten:<br>a) Pumpe bet\u00e4tigen und gedr\u00fcckt halten, w\u00e4hrend die Flasche f\u00fcnfmal kr\u00e4ftig auf und ab gesch\u00fcttelt wird.<br><\/p>\n<\/div><\/div>\n\n\n\n<div class=\"wp-block-media-text is-stacked-on-mobile is-style-small-image\" style=\"grid-template-columns:25% auto\"><figure class=\"wp-block-media-text__media\"><img loading=\"lazy\" decoding=\"async\" width=\"308\" height=\"313\" src=\"https:\/\/bentrio.com\/wp-content\/uploads\/How-to-use-2.png\" alt=\"\" class=\"wp-image-5745 size-full\" srcset=\"https:\/\/bentrio.com\/wp-content\/uploads\/How-to-use-2.png 308w, https:\/\/bentrio.com\/wp-content\/uploads\/How-to-use-2-295x300.png 295w\" sizes=\"auto, (max-width: 308px) 100vw, 308px\" \/><\/figure><div class=\"wp-block-media-text__content\">\n<p class=\"is-style-text-distance\">b) Pumpe loslassen und wiederholt mit 2-Sekunden-Pausen bet\u00e4tigen (in ein Taschentuch spr\u00fchen), bis ein vollst\u00e4ndiger Spr\u00fchsto\u00df erscheint; falls kein Spray erscheint, ab Schritt a) wiederholen.<\/p>\n<\/div><\/div>\n\n\n\n<div class=\"wp-block-media-text is-stacked-on-mobile is-style-small-image\" style=\"grid-template-columns:25% auto\"><figure class=\"wp-block-media-text__media\"><img loading=\"lazy\" decoding=\"async\" width=\"500\" height=\"500\" src=\"https:\/\/bentrio.com\/wp-content\/uploads\/Step-03.png\" alt=\"\" class=\"wp-image-4062 size-full\" srcset=\"https:\/\/bentrio.com\/wp-content\/uploads\/Step-03.png 500w, https:\/\/bentrio.com\/wp-content\/uploads\/Step-03-300x300.png 300w, https:\/\/bentrio.com\/wp-content\/uploads\/Step-03-150x150.png 150w\" sizes=\"auto, (max-width: 500px) 100vw, 500px\" \/><\/figure><div class=\"wp-block-media-text__content\">\n<p class=\"is-style-text-distance\">4- Kopf leicht nach vorne beugen, Spr\u00fchspitze so weit wie m\u00f6glich einf\u00fchren und Flasche aufrecht halten, w\u00e4hrend langsam eingeatmet und einmal kr\u00e4ftig gespr\u00fcht wird. Vermeiden Sie es, das Gel w\u00e4hrend oder nach dem Spr\u00fchen durch Schniefen weiter in die Nase zu ziehen.<\/p>\n<\/div><\/div>\n\n\n\n<div class=\"wp-block-media-text is-stacked-on-mobile is-style-small-image\" style=\"grid-template-columns:25% auto\"><figure class=\"wp-block-media-text__media\"><img loading=\"lazy\" decoding=\"async\" width=\"500\" height=\"500\" src=\"https:\/\/bentrio.com\/wp-content\/uploads\/Step-04.png\" alt=\"\" class=\"wp-image-4066 size-full\" srcset=\"https:\/\/bentrio.com\/wp-content\/uploads\/Step-04.png 500w, https:\/\/bentrio.com\/wp-content\/uploads\/Step-04-300x300.png 300w, https:\/\/bentrio.com\/wp-content\/uploads\/Step-04-150x150.png 150w\" sizes=\"auto, (max-width: 500px) 100vw, 500px\" \/><\/figure><div class=\"wp-block-media-text__content\">\n<p class=\"is-style-text-distance\">5 &#8211; Anwendung im anderen Nasenloch wiederholen. Spr\u00fchspitze abwischen und Kappe aufsetzen.<\/p>\n<\/div><\/div>\n<\/div>\n\n\n\n<div class=\"wp-block-column is-layout-flow wp-block-column-is-layout-flow\" style=\"flex-basis:33.33%\"><\/div>\n<\/div>\n\n\n\n<div style=\"height:40px\" aria-hidden=\"true\" class=\"wp-block-spacer is-style-space-1\"><\/div>\n\n\n\n<div class=\"wp-block-columns is-layout-flex wp-container-core-columns-is-layout-9d6595d7 wp-block-columns-is-layout-flex\">\n<div class=\"wp-block-column is-layout-flow wp-block-column-is-layout-flow\" style=\"flex-basis:66.66%\">\n<p><\/p>\n\n\n\n<h2 class=\"wp-block-heading is-style-sub-title-2\"><strong>FAQs<\/strong><\/h2>\n\n\n\n<h3 class=\"wp-block-heading is-style-sub-title-2\">F: Wie funktioniert Bentrio\u00ae?  <\/h3>\n\n\n\n<p>A: Bentrio\u00ae sch\u00fctzt die Nasenschleimhaut durch den dreifachen Wirkmechanismus:<\/p>\n\n\n\n<ol class=\"wp-block-list\">\n<li>Sch\u00fctzt die Nasenschleimhaut mittels physikalischer Barriere<\/li>\n\n\n\n<li>Bindet die eingeatmeten Partikel<\/li>\n\n\n\n<li>Befeuchtet die Nasenschleimhaut und unterst\u00fctzt ihre nat\u00fcrliche Funktion<\/li>\n<\/ol>\n\n\n\n<div style=\"height:40px\" aria-hidden=\"true\" class=\"wp-block-spacer is-style-space-1\"><\/div>\n\n\n\n<h2 class=\"wp-block-heading is-style-sub-title-2\">F: Was sind die Hauptbestandteile von Bentrio\u00ae Nasenspray? Ist es sicher?  <\/h2>\n\n\n\n<p>A: Bentrio\u00ae ist mit Bentonit formuliert, einem nat\u00fcrlich vorkommenden Mineral mit elektrischer Ladung und au\u00dfergew\u00f6hnlicher Absorptionsf\u00e4higkeit, welches sch\u00e4dliche Substanzen wie Allergene neutralisiert. Die Inhaltsstoffe von Bentrio sind generell als sicher eingestuft. Dar\u00fcber hinaus ist Bentrio\u00ae frei von Konservierungsmitteln, was m\u00f6gliche Hautreizungen oder Kontaktdermatitis vermindert. Bentrio\u00ae besteht aus: Bentonit (2,5%),<br>gereinigtem Wasser, gemischten Decanoyl- und Octanoyl-Glyceride (MIGLYOL\u00ae 812 N), Propylenglykol, Glyceryl Mono- und Dipalmitostearat (GELEOL<sup>TM <\/sup>Mono- und Diglyceride), Xanthan, Dinatrium-EDTA, Mannitol, Zitronens\u00e4ure, Vanillearoma, Butylhydroxyanisol.<\/p>\n\n\n\n<div style=\"height:40px\" aria-hidden=\"true\" class=\"wp-block-spacer is-style-space-1\"><\/div>\n\n\n\n<h2 class=\"wp-block-heading is-style-sub-title-2\">F: Warum wird Bentrio\u00ae in Form einer Gel-Emulsion angeboten?  <\/h2>\n\n\n\n<p>A: Bentrio\u00ae in Gel-Emulsionsform gew\u00e4hrleistet eine langanhaltende Wirksamkeit. Es ist klinisch erwiesen, dass Bentrio bis zu vier Stunden lang zus\u00e4tzlich vor luft\u00fcbertragenen Schadstoffen wie Pollen oder Hausstaubmilben sch\u00fctzt.<\/p>\n\n\n\n<div style=\"height:40px\" aria-hidden=\"true\" class=\"wp-block-spacer is-style-space-1\"><\/div>\n\n\n\n<h2 class=\"wp-block-heading is-style-sub-title-2\">F: Wonach riecht Bentrio\u00ae bei der Anwendung?  <\/h2>\n\n\n\n<p>A: Bentrio\u00ae enth\u00e4lt Vanillin und gibt einen dezenten und einladenden Vanilleduft ab.<\/p>\n\n\n\n<div style=\"height:100px\" aria-hidden=\"true\" class=\"wp-block-spacer is-style-space-1\"><\/div>\n\n\n\n<h2 class=\"wp-block-heading is-style-sub-title-2\">F: F\u00fcr wen ist Bentrio\u00ae geeignet?<\/h2>\n\n\n\n<p>A: Bentrio\u00ae ist f\u00fcr den universellen Einsatz konzipiert. Kinder ab 6 Jahren k\u00f6nnen es unter Aufsicht von Erwachsenen benutzen.<\/p>\n\n\n\n<div style=\"height:100px\" aria-hidden=\"true\" class=\"wp-block-spacer is-style-space-1\"><\/div>\n\n\n\n<h2 class=\"wp-block-heading is-style-sub-title-2\">F: Sollte das Spray kontinuierlich oder bedarfsweise verwendet werden?<\/h2>\n\n\n\n<p>A: Einen Spr\u00fchsto\u00df pro Nasenloch, dreimal t\u00e4glich oder nach Bedarf (nicht mehr als acht Spr\u00fchst\u00f6\u00dfe pro Tag) und nicht l\u00e4nger als 30 Tage anwenden. Es ist klinisch erwiesen, dass Bentrio\u00ae bis zu vier Stunden lang zus\u00e4tzlichen Schutz vor Allergenen in der Luft bietet. Es wird empfohlen, Bentrio\u00ae vorsorglich zu verwenden, um sich vor allergenen Partikeln zu sch\u00fctzen, bevor man ihnen ausgesetzt wird.<\/p>\n\n\n\n<div style=\"height:100px\" aria-hidden=\"true\" class=\"wp-block-spacer is-style-space-1\"><\/div>\n\n\n\n<h2 class=\"wp-block-heading is-style-sub-title-2\">F: Gibt es eine vorgeschriebene Verwendungsdauer nach dem \u00d6ffnen des Produkts?<\/h2>\n\n\n\n<p>A: Bentrio\u00ae sollte innerhalb von sechs Monaten nach dem \u00d6ffnen verwendet werden. Achten Sie auch auf das Verfallsdatum auf der Flasche.<\/p>\n\n\n\n<div style=\"height:100px\" aria-hidden=\"true\" class=\"wp-block-spacer is-style-space-1\"><\/div>\n\n\n\n<h2 class=\"wp-block-heading is-style-sub-title-2\">F: Ist Bentrio\u00ae gewohnheitsbildend?<\/h2>\n\n\n\n<p>A: Die Gel-Emulsion enth\u00e4lt kein Xylomethazolin und gilt daher nicht als gewohnheitsbildend.<\/p>\n\n\n\n<div style=\"height:100px\" aria-hidden=\"true\" class=\"wp-block-spacer is-style-space-1\"><\/div>\n\n\n\n<h2 class=\"wp-block-heading is-style-sub-title-2\">F: Kann Bentrio\u00ae allergische Reaktionen ausl\u00f6sen?<\/h2>\n\n\n\n<p>A: Bentrio\u00ae hat keine pharmakologischen, immunologischen oder metabolischen Wirkungen. Alle Inhaltsstoffe gelten allgemein als sicher und werden seit Jahren in anderen medizinischen und pharmazeutischen Produkten eingesetzt. Bentrio\u00ae wurde klinisch getestet und hat eine ausgezeichnete Vertr\u00e4glichkeit gezeigt. Dennoch k\u00f6nnen allergische Reaktionen, auch wenn sie selten sind, nicht v\u00f6llig ausgeschlossen werden. Sollte eine solche Reaktion auftreten, stellen Sie die Anwendung sofort ein und suchen Sie einen Arzt auf.<\/p>\n<\/div>\n\n\n\n<div class=\"wp-block-column is-layout-flow wp-block-column-is-layout-flow\" style=\"flex-basis:33.33%\"><\/div>\n<\/div>\n\n\n\n<div style=\"height:100px\" aria-hidden=\"true\" class=\"wp-block-spacer\"><\/div>\n","protected":false},"excerpt":{"rendered":"<p>BENTRIO\u00ae NASENSPRAY Nehmen Sie Ihren zus\u00e4tzlichen Schutz vor luftgetragenen Allergenen selbst in die Hand. Sichern Sie sich jetzt Ihren Vorrat an Bentrio\u00ae Nasenspray. Wir haben die EU-MDR-Zertifizierung von Bentrio\u00ae als Medizinprodukt der Klasse IIa erfolgreich abgeschlossen. Derzeit bereiten wir den erneuten Markteintritt vor, sodass das Produkt rechtzeitig zur n\u00e4chsten Allergiesaison wieder verf\u00fcgbar sein wird. Vielen [&hellip;]<\/p>\n","protected":false},"author":1,"featured_media":0,"parent":0,"menu_order":0,"comment_status":"closed","ping_status":"closed","template":"","meta":{"_acf_changed":false,"footnotes":""},"class_list":["post-430","page","type-page","status-publish","hentry"],"acf":[],"yoast_head":"<!-- This site is optimized with the Yoast SEO plugin v27.1.1 - https:\/\/yoast.com\/product\/yoast-seo-wordpress\/ -->\n<title>Produkt - Bentrio<\/title>\n<meta name=\"robots\" content=\"index, follow, max-snippet:-1, max-image-preview:large, max-video-preview:-1\" \/>\n<link rel=\"canonical\" href=\"https:\/\/bentrio.com\/de\/produkt\/\" \/>\n<meta property=\"og:locale\" content=\"de_DE\" \/>\n<meta property=\"og:type\" content=\"article\" \/>\n<meta property=\"og:title\" content=\"Produkt - Bentrio\" \/>\n<meta property=\"og:description\" content=\"BENTRIO\u00ae NASENSPRAY Nehmen Sie Ihren zus\u00e4tzlichen Schutz vor luftgetragenen Allergenen selbst in die Hand. Sichern Sie sich jetzt Ihren Vorrat an Bentrio\u00ae Nasenspray. Wir haben die EU-MDR-Zertifizierung von Bentrio\u00ae als Medizinprodukt der Klasse IIa erfolgreich abgeschlossen. Derzeit bereiten wir den erneuten Markteintritt vor, sodass das Produkt rechtzeitig zur n\u00e4chsten Allergiesaison wieder verf\u00fcgbar sein wird. Vielen [&hellip;]\" \/>\n<meta property=\"og:url\" content=\"https:\/\/bentrio.com\/de\/produkt\/\" \/>\n<meta property=\"og:site_name\" content=\"Bentrio\" \/>\n<meta property=\"article:modified_time\" content=\"2025-12-16T08:58:44+00:00\" \/>\n<meta property=\"og:image\" content=\"https:\/\/bentrio.com\/wp-content\/uploads\/Bentrio_EN-2-scaled.jpg\" \/>\n\t<meta property=\"og:image:width\" content=\"2048\" \/>\n\t<meta property=\"og:image:height\" content=\"2560\" \/>\n\t<meta property=\"og:image:type\" content=\"image\/jpeg\" \/>\n<meta name=\"twitter:card\" content=\"summary_large_image\" \/>\n<meta name=\"twitter:label1\" content=\"Gesch\u00e4tzte Lesezeit\" \/>\n\t<meta name=\"twitter:data1\" content=\"5\u00a0Minuten\" \/>\n<script type=\"application\/ld+json\" class=\"yoast-schema-graph\">{\"@context\":\"https:\/\/schema.org\",\"@graph\":[{\"@type\":\"WebPage\",\"@id\":\"https:\/\/bentrio.com\/de\/produkt\/\",\"url\":\"https:\/\/bentrio.com\/de\/produkt\/\",\"name\":\"Produkt - Bentrio\",\"isPartOf\":{\"@id\":\"https:\/\/bentrio.com\/de\/#website\"},\"primaryImageOfPage\":{\"@id\":\"https:\/\/bentrio.com\/de\/produkt\/#primaryimage\"},\"image\":{\"@id\":\"https:\/\/bentrio.com\/de\/produkt\/#primaryimage\"},\"thumbnailUrl\":\"https:\/\/bentrio.com\/wp-content\/uploads\/Bentrio_EN-2-scaled.jpg\",\"datePublished\":\"2022-03-29T09:23:51+00:00\",\"dateModified\":\"2025-12-16T08:58:44+00:00\",\"breadcrumb\":{\"@id\":\"https:\/\/bentrio.com\/de\/produkt\/#breadcrumb\"},\"inLanguage\":\"de\",\"potentialAction\":[{\"@type\":\"ReadAction\",\"target\":[\"https:\/\/bentrio.com\/de\/produkt\/\"]}]},{\"@type\":\"ImageObject\",\"inLanguage\":\"de\",\"@id\":\"https:\/\/bentrio.com\/de\/produkt\/#primaryimage\",\"url\":\"https:\/\/bentrio.com\/wp-content\/uploads\/Bentrio_EN-2-scaled.jpg\",\"contentUrl\":\"https:\/\/bentrio.com\/wp-content\/uploads\/Bentrio_EN-2-scaled.jpg\"},{\"@type\":\"BreadcrumbList\",\"@id\":\"https:\/\/bentrio.com\/de\/produkt\/#breadcrumb\",\"itemListElement\":[{\"@type\":\"ListItem\",\"position\":1,\"name\":\"Home\",\"item\":\"https:\/\/bentrio.com\/de\/\"},{\"@type\":\"ListItem\",\"position\":2,\"name\":\"Produkt\"}]},{\"@type\":\"WebSite\",\"@id\":\"https:\/\/bentrio.com\/de\/#website\",\"url\":\"https:\/\/bentrio.com\/de\/\",\"name\":\"Bentrio\",\"description\":\"Helps protect from allergens\",\"publisher\":{\"@id\":\"https:\/\/bentrio.com\/de\/#organization\"},\"potentialAction\":[{\"@type\":\"SearchAction\",\"target\":{\"@type\":\"EntryPoint\",\"urlTemplate\":\"https:\/\/bentrio.com\/de\/?s={search_term_string}\"},\"query-input\":{\"@type\":\"PropertyValueSpecification\",\"valueRequired\":true,\"valueName\":\"search_term_string\"}}],\"inLanguage\":\"de\"},{\"@type\":\"Organization\",\"@id\":\"https:\/\/bentrio.com\/de\/#organization\",\"name\":\"Bentrio\",\"url\":\"https:\/\/bentrio.com\/de\/\",\"logo\":{\"@type\":\"ImageObject\",\"inLanguage\":\"de\",\"@id\":\"https:\/\/bentrio.com\/de\/#\/schema\/logo\/image\/\",\"url\":\"https:\/\/bentrio.com\/wp-content\/uploads\/about_All.jpg\",\"contentUrl\":\"https:\/\/bentrio.com\/wp-content\/uploads\/about_All.jpg\",\"width\":2280,\"height\":820,\"caption\":\"Bentrio\"},\"image\":{\"@id\":\"https:\/\/bentrio.com\/de\/#\/schema\/logo\/image\/\"}}]}<\/script>\n<!-- \/ Yoast SEO plugin. -->","yoast_head_json":{"title":"Produkt - Bentrio","robots":{"index":"index","follow":"follow","max-snippet":"max-snippet:-1","max-image-preview":"max-image-preview:large","max-video-preview":"max-video-preview:-1"},"canonical":"https:\/\/bentrio.com\/de\/produkt\/","og_locale":"de_DE","og_type":"article","og_title":"Produkt - Bentrio","og_description":"BENTRIO\u00ae NASENSPRAY Nehmen Sie Ihren zus\u00e4tzlichen Schutz vor luftgetragenen Allergenen selbst in die Hand. Sichern Sie sich jetzt Ihren Vorrat an Bentrio\u00ae Nasenspray. Wir haben die EU-MDR-Zertifizierung von Bentrio\u00ae als Medizinprodukt der Klasse IIa erfolgreich abgeschlossen. Derzeit bereiten wir den erneuten Markteintritt vor, sodass das Produkt rechtzeitig zur n\u00e4chsten Allergiesaison wieder verf\u00fcgbar sein wird. Vielen [&hellip;]","og_url":"https:\/\/bentrio.com\/de\/produkt\/","og_site_name":"Bentrio","article_modified_time":"2025-12-16T08:58:44+00:00","og_image":[{"width":2048,"height":2560,"url":"https:\/\/bentrio.com\/wp-content\/uploads\/Bentrio_EN-2-scaled.jpg","type":"image\/jpeg"}],"twitter_card":"summary_large_image","twitter_misc":{"Gesch\u00e4tzte Lesezeit":"5\u00a0Minuten"},"schema":{"@context":"https:\/\/schema.org","@graph":[{"@type":"WebPage","@id":"https:\/\/bentrio.com\/de\/produkt\/","url":"https:\/\/bentrio.com\/de\/produkt\/","name":"Produkt - Bentrio","isPartOf":{"@id":"https:\/\/bentrio.com\/de\/#website"},"primaryImageOfPage":{"@id":"https:\/\/bentrio.com\/de\/produkt\/#primaryimage"},"image":{"@id":"https:\/\/bentrio.com\/de\/produkt\/#primaryimage"},"thumbnailUrl":"https:\/\/bentrio.com\/wp-content\/uploads\/Bentrio_EN-2-scaled.jpg","datePublished":"2022-03-29T09:23:51+00:00","dateModified":"2025-12-16T08:58:44+00:00","breadcrumb":{"@id":"https:\/\/bentrio.com\/de\/produkt\/#breadcrumb"},"inLanguage":"de","potentialAction":[{"@type":"ReadAction","target":["https:\/\/bentrio.com\/de\/produkt\/"]}]},{"@type":"ImageObject","inLanguage":"de","@id":"https:\/\/bentrio.com\/de\/produkt\/#primaryimage","url":"https:\/\/bentrio.com\/wp-content\/uploads\/Bentrio_EN-2-scaled.jpg","contentUrl":"https:\/\/bentrio.com\/wp-content\/uploads\/Bentrio_EN-2-scaled.jpg"},{"@type":"BreadcrumbList","@id":"https:\/\/bentrio.com\/de\/produkt\/#breadcrumb","itemListElement":[{"@type":"ListItem","position":1,"name":"Home","item":"https:\/\/bentrio.com\/de\/"},{"@type":"ListItem","position":2,"name":"Produkt"}]},{"@type":"WebSite","@id":"https:\/\/bentrio.com\/de\/#website","url":"https:\/\/bentrio.com\/de\/","name":"Bentrio","description":"Helps protect from allergens","publisher":{"@id":"https:\/\/bentrio.com\/de\/#organization"},"potentialAction":[{"@type":"SearchAction","target":{"@type":"EntryPoint","urlTemplate":"https:\/\/bentrio.com\/de\/?s={search_term_string}"},"query-input":{"@type":"PropertyValueSpecification","valueRequired":true,"valueName":"search_term_string"}}],"inLanguage":"de"},{"@type":"Organization","@id":"https:\/\/bentrio.com\/de\/#organization","name":"Bentrio","url":"https:\/\/bentrio.com\/de\/","logo":{"@type":"ImageObject","inLanguage":"de","@id":"https:\/\/bentrio.com\/de\/#\/schema\/logo\/image\/","url":"https:\/\/bentrio.com\/wp-content\/uploads\/about_All.jpg","contentUrl":"https:\/\/bentrio.com\/wp-content\/uploads\/about_All.jpg","width":2280,"height":820,"caption":"Bentrio"},"image":{"@id":"https:\/\/bentrio.com\/de\/#\/schema\/logo\/image\/"}}]}},"_links":{"self":[{"href":"https:\/\/bentrio.com\/de\/wp-json\/wp\/v2\/pages\/430","targetHints":{"allow":["GET"]}}],"collection":[{"href":"https:\/\/bentrio.com\/de\/wp-json\/wp\/v2\/pages"}],"about":[{"href":"https:\/\/bentrio.com\/de\/wp-json\/wp\/v2\/types\/page"}],"author":[{"embeddable":true,"href":"https:\/\/bentrio.com\/de\/wp-json\/wp\/v2\/users\/1"}],"replies":[{"embeddable":true,"href":"https:\/\/bentrio.com\/de\/wp-json\/wp\/v2\/comments?post=430"}],"version-history":[{"count":43,"href":"https:\/\/bentrio.com\/de\/wp-json\/wp\/v2\/pages\/430\/revisions"}],"predecessor-version":[{"id":5870,"href":"https:\/\/bentrio.com\/de\/wp-json\/wp\/v2\/pages\/430\/revisions\/5870"}],"wp:attachment":[{"href":"https:\/\/bentrio.com\/de\/wp-json\/wp\/v2\/media?parent=430"}],"curies":[{"name":"wp","href":"https:\/\/api.w.org\/{rel}","templated":true}]}}