{"id":5500,"date":"2024-02-21T14:24:22","date_gmt":"2024-02-21T13:24:22","guid":{"rendered":"https:\/\/bentrio.com\/nutzungsbedingungen\/"},"modified":"2024-02-21T14:24:23","modified_gmt":"2024-02-21T13:24:23","slug":"nutzungsbedingungen","status":"publish","type":"page","link":"https:\/\/bentrio.com\/de\/nutzungsbedingungen\/","title":{"rendered":"Nutzungsbedingungen"},"content":{"rendered":"\n<p class=\"is-style-default has-white-background-color has-background\"><\/p>\n\n<h3 class=\"wp-block-heading\">Nutzungsbedingungen<\/h3>\n\n<p>Diese Website wird von Altamira Medica AG (Peter Merian-Strasse 90, 4052 Basel, Schweiz, eingetragen im Handelsregister des Kantons Basel-Stadt unter der Nr. CHE-437.410.127) (nachfolgend &#8222;Altamira Medica&#8220; oder &#8222;wir&#8220;) betrieben.<\/p>\n\n<p><br\/>Die Nutzung der Website unterliegt den folgenden Nutzungsbedingungen (&#8222;Bedingungen&#8220;) und dem geltenden Recht. Durch die Nutzung dieser Website akzeptieren Sie diese Bedingungen. Bitte beachten Sie, dass wir diese Bedingungen jederzeit ohne weitere Ank\u00fcndigung \u00fcberarbeiten k\u00f6nnen. Es gilt die jeweils aktuelle Fassung der auf dieser Website ver\u00f6ffentlichten Bedingungen.<\/p>\n\n<h3 class=\"wp-block-heading\"><br\/><strong>Verwendung von Informationen<\/strong><\/h3>\n\n<p><br\/>Diese Website und alle Informationen auf dieser Website dienen ausschlie\u00dflich zu Informationszwecken. Das Urheberrecht an allen auf dieser Website enthaltenen Materialien liegt bei Altamira Medica, sofern nicht anders angegeben. Sie d\u00fcrfen diese Website und alle auf ihr enthaltenen Informationen (einschlie\u00dflich Texte, Bilder, Videos, Grafiken usw.) f\u00fcr nichtkommerzielle Zwecke nutzen. Jegliche \u00c4nderung, Verbreitung, \u00dcbertragung oder sonstige Nutzung zu kommerziellen Zwecken ist ohne vorherige schriftliche Genehmigung von Altamira Medica untersagt.<\/p>\n\n<p><br\/>Warenzeichen und andere Schutzrechte<\/p>\n\n<p><br\/>Alle Marken, Patente, Technologien, Produkte und sonstigen gesch\u00fctzten Informationen auf dieser Website sind geistiges Eigentum von Altamira Medica oder anderen Parteien. Es wird Ihnen keine Lizenz oder ein Recht an solchen Marken, Patenten, Technologien, Produkten und anderen urheberrechtlich gesch\u00fctzten Informationen gew\u00e4hrt oder auf Sie \u00fcbertragen.<\/p>\n\n<p><br\/>Haftung<\/p>\n\n<p><br\/>Obwohl wir den Inhalt unserer Website regelm\u00e4\u00dfig aktualisieren, \u00fcbernehmen wir keine Gew\u00e4hr f\u00fcr die Richtigkeit oder Vollst\u00e4ndigkeit der auf der Website bereitgestellten Informationen. Dar\u00fcber hinaus \u00fcbernehmen wir keine Haftung gegen\u00fcber den Nutzern dieser Website im Zusammenhang mit oder als Folge der Nutzung der Website und ihres Inhalts oder etwaiger Fehler oder Auslassungen darin. Wir k\u00f6nnen diese Website jederzeit und ohne weitere Ank\u00fcndigung \u00e4ndern.<\/p>\n\n<p><br\/>Websites von Dritten<\/p>\n\n<p><br\/>Diese Website kann Links zu Websites enthalten, die von Dritten betrieben werden. Altamira Medica ist nicht verantwortlich f\u00fcr die Verf\u00fcgbarkeit, die Nutzung oder den Inhalt solcher Websites Dritter.<br\/><br\/>Anwendbares Recht<\/p>\n\n<p><br\/>Die Nutzung dieser Website unterliegt den Gesetzen der Schweiz. F\u00fcr alle Streitigkeiten, die sich aus oder im Zusammenhang mit dieser Website und deren Nutzung ergeben, sind ausschliesslich die zust\u00e4ndigen Gerichte des Kantons Basel-Stadt zust\u00e4ndig, wobei der Gerichtsstand Basel-Stadt ist.<\/p>\n\n<p class=\"has-white-background-color has-background\"><\/p>\n","protected":false},"excerpt":{"rendered":"<p>Nutzungsbedingungen Diese Website wird von Altamira Medica AG (Peter Merian-Strasse 90, 4052 Basel, Schweiz, eingetragen im Handelsregister des Kantons Basel-Stadt unter der Nr. CHE-437.410.127) (nachfolgend &#8222;Altamira Medica&#8220; oder &#8222;wir&#8220;) betrieben. Die Nutzung der Website unterliegt den folgenden Nutzungsbedingungen (&#8222;Bedingungen&#8220;) und dem geltenden Recht. Durch die Nutzung dieser Website akzeptieren Sie diese Bedingungen. Bitte beachten Sie, [&hellip;]<\/p>\n","protected":false},"author":5,"featured_media":0,"parent":0,"menu_order":0,"comment_status":"closed","ping_status":"closed","template":"","meta":{"_acf_changed":false,"footnotes":""},"class_list":["post-5500","page","type-page","status-publish","hentry"],"acf":[],"yoast_head":"<!-- This site is optimized with the Yoast SEO plugin v27.1.1 - https:\/\/yoast.com\/product\/yoast-seo-wordpress\/ -->\n<title>Nutzungsbedingungen - Bentrio<\/title>\n<meta name=\"robots\" content=\"index, follow, max-snippet:-1, max-image-preview:large, max-video-preview:-1\" \/>\n<link rel=\"canonical\" href=\"https:\/\/bentrio.com\/de\/nutzungsbedingungen\/\" \/>\n<meta property=\"og:locale\" content=\"de_DE\" \/>\n<meta property=\"og:type\" content=\"article\" \/>\n<meta property=\"og:title\" content=\"Nutzungsbedingungen - Bentrio\" \/>\n<meta property=\"og:description\" content=\"Nutzungsbedingungen Diese Website wird von Altamira Medica AG (Peter Merian-Strasse 90, 4052 Basel, Schweiz, eingetragen im Handelsregister des Kantons Basel-Stadt unter der Nr. CHE-437.410.127) (nachfolgend &#8222;Altamira Medica&#8220; oder &#8222;wir&#8220;) betrieben. Die Nutzung der Website unterliegt den folgenden Nutzungsbedingungen (&#8222;Bedingungen&#8220;) und dem geltenden Recht. Durch die Nutzung dieser Website akzeptieren Sie diese Bedingungen. Bitte beachten Sie, [&hellip;]\" \/>\n<meta property=\"og:url\" content=\"https:\/\/bentrio.com\/de\/nutzungsbedingungen\/\" \/>\n<meta property=\"og:site_name\" content=\"Bentrio\" \/>\n<meta property=\"article:modified_time\" content=\"2024-02-21T13:24:23+00:00\" \/>\n<meta name=\"twitter:card\" content=\"summary_large_image\" \/>\n<meta name=\"twitter:label1\" content=\"Gesch\u00e4tzte Lesezeit\" \/>\n\t<meta name=\"twitter:data1\" content=\"2\u00a0Minuten\" \/>\n<script type=\"application\/ld+json\" class=\"yoast-schema-graph\">{\"@context\":\"https:\/\/schema.org\",\"@graph\":[{\"@type\":\"WebPage\",\"@id\":\"https:\/\/bentrio.com\/de\/nutzungsbedingungen\/\",\"url\":\"https:\/\/bentrio.com\/de\/nutzungsbedingungen\/\",\"name\":\"Nutzungsbedingungen - Bentrio\",\"isPartOf\":{\"@id\":\"https:\/\/bentrio.com\/de\/#website\"},\"datePublished\":\"2024-02-21T13:24:22+00:00\",\"dateModified\":\"2024-02-21T13:24:23+00:00\",\"breadcrumb\":{\"@id\":\"https:\/\/bentrio.com\/de\/nutzungsbedingungen\/#breadcrumb\"},\"inLanguage\":\"de\",\"potentialAction\":[{\"@type\":\"ReadAction\",\"target\":[\"https:\/\/bentrio.com\/de\/nutzungsbedingungen\/\"]}]},{\"@type\":\"BreadcrumbList\",\"@id\":\"https:\/\/bentrio.com\/de\/nutzungsbedingungen\/#breadcrumb\",\"itemListElement\":[{\"@type\":\"ListItem\",\"position\":1,\"name\":\"Home\",\"item\":\"https:\/\/bentrio.com\/de\/\"},{\"@type\":\"ListItem\",\"position\":2,\"name\":\"Nutzungsbedingungen\"}]},{\"@type\":\"WebSite\",\"@id\":\"https:\/\/bentrio.com\/de\/#website\",\"url\":\"https:\/\/bentrio.com\/de\/\",\"name\":\"Bentrio\",\"description\":\"Helps protect from allergens\",\"publisher\":{\"@id\":\"https:\/\/bentrio.com\/de\/#organization\"},\"potentialAction\":[{\"@type\":\"SearchAction\",\"target\":{\"@type\":\"EntryPoint\",\"urlTemplate\":\"https:\/\/bentrio.com\/de\/?s={search_term_string}\"},\"query-input\":{\"@type\":\"PropertyValueSpecification\",\"valueRequired\":true,\"valueName\":\"search_term_string\"}}],\"inLanguage\":\"de\"},{\"@type\":\"Organization\",\"@id\":\"https:\/\/bentrio.com\/de\/#organization\",\"name\":\"Bentrio\",\"url\":\"https:\/\/bentrio.com\/de\/\",\"logo\":{\"@type\":\"ImageObject\",\"inLanguage\":\"de\",\"@id\":\"https:\/\/bentrio.com\/de\/#\/schema\/logo\/image\/\",\"url\":\"https:\/\/bentrio.com\/wp-content\/uploads\/about_All.jpg\",\"contentUrl\":\"https:\/\/bentrio.com\/wp-content\/uploads\/about_All.jpg\",\"width\":2280,\"height\":820,\"caption\":\"Bentrio\"},\"image\":{\"@id\":\"https:\/\/bentrio.com\/de\/#\/schema\/logo\/image\/\"}}]}<\/script>\n<!-- \/ Yoast SEO plugin. -->","yoast_head_json":{"title":"Nutzungsbedingungen - Bentrio","robots":{"index":"index","follow":"follow","max-snippet":"max-snippet:-1","max-image-preview":"max-image-preview:large","max-video-preview":"max-video-preview:-1"},"canonical":"https:\/\/bentrio.com\/de\/nutzungsbedingungen\/","og_locale":"de_DE","og_type":"article","og_title":"Nutzungsbedingungen - Bentrio","og_description":"Nutzungsbedingungen Diese Website wird von Altamira Medica AG (Peter Merian-Strasse 90, 4052 Basel, Schweiz, eingetragen im Handelsregister des Kantons Basel-Stadt unter der Nr. CHE-437.410.127) (nachfolgend &#8222;Altamira Medica&#8220; oder &#8222;wir&#8220;) betrieben. Die Nutzung der Website unterliegt den folgenden Nutzungsbedingungen (&#8222;Bedingungen&#8220;) und dem geltenden Recht. Durch die Nutzung dieser Website akzeptieren Sie diese Bedingungen. Bitte beachten Sie, [&hellip;]","og_url":"https:\/\/bentrio.com\/de\/nutzungsbedingungen\/","og_site_name":"Bentrio","article_modified_time":"2024-02-21T13:24:23+00:00","twitter_card":"summary_large_image","twitter_misc":{"Gesch\u00e4tzte Lesezeit":"2\u00a0Minuten"},"schema":{"@context":"https:\/\/schema.org","@graph":[{"@type":"WebPage","@id":"https:\/\/bentrio.com\/de\/nutzungsbedingungen\/","url":"https:\/\/bentrio.com\/de\/nutzungsbedingungen\/","name":"Nutzungsbedingungen - Bentrio","isPartOf":{"@id":"https:\/\/bentrio.com\/de\/#website"},"datePublished":"2024-02-21T13:24:22+00:00","dateModified":"2024-02-21T13:24:23+00:00","breadcrumb":{"@id":"https:\/\/bentrio.com\/de\/nutzungsbedingungen\/#breadcrumb"},"inLanguage":"de","potentialAction":[{"@type":"ReadAction","target":["https:\/\/bentrio.com\/de\/nutzungsbedingungen\/"]}]},{"@type":"BreadcrumbList","@id":"https:\/\/bentrio.com\/de\/nutzungsbedingungen\/#breadcrumb","itemListElement":[{"@type":"ListItem","position":1,"name":"Home","item":"https:\/\/bentrio.com\/de\/"},{"@type":"ListItem","position":2,"name":"Nutzungsbedingungen"}]},{"@type":"WebSite","@id":"https:\/\/bentrio.com\/de\/#website","url":"https:\/\/bentrio.com\/de\/","name":"Bentrio","description":"Helps protect from allergens","publisher":{"@id":"https:\/\/bentrio.com\/de\/#organization"},"potentialAction":[{"@type":"SearchAction","target":{"@type":"EntryPoint","urlTemplate":"https:\/\/bentrio.com\/de\/?s={search_term_string}"},"query-input":{"@type":"PropertyValueSpecification","valueRequired":true,"valueName":"search_term_string"}}],"inLanguage":"de"},{"@type":"Organization","@id":"https:\/\/bentrio.com\/de\/#organization","name":"Bentrio","url":"https:\/\/bentrio.com\/de\/","logo":{"@type":"ImageObject","inLanguage":"de","@id":"https:\/\/bentrio.com\/de\/#\/schema\/logo\/image\/","url":"https:\/\/bentrio.com\/wp-content\/uploads\/about_All.jpg","contentUrl":"https:\/\/bentrio.com\/wp-content\/uploads\/about_All.jpg","width":2280,"height":820,"caption":"Bentrio"},"image":{"@id":"https:\/\/bentrio.com\/de\/#\/schema\/logo\/image\/"}}]}},"_links":{"self":[{"href":"https:\/\/bentrio.com\/de\/wp-json\/wp\/v2\/pages\/5500","targetHints":{"allow":["GET"]}}],"collection":[{"href":"https:\/\/bentrio.com\/de\/wp-json\/wp\/v2\/pages"}],"about":[{"href":"https:\/\/bentrio.com\/de\/wp-json\/wp\/v2\/types\/page"}],"author":[{"embeddable":true,"href":"https:\/\/bentrio.com\/de\/wp-json\/wp\/v2\/users\/5"}],"replies":[{"embeddable":true,"href":"https:\/\/bentrio.com\/de\/wp-json\/wp\/v2\/comments?post=5500"}],"version-history":[{"count":3,"href":"https:\/\/bentrio.com\/de\/wp-json\/wp\/v2\/pages\/5500\/revisions"}],"predecessor-version":[{"id":5503,"href":"https:\/\/bentrio.com\/de\/wp-json\/wp\/v2\/pages\/5500\/revisions\/5503"}],"wp:attachment":[{"href":"https:\/\/bentrio.com\/de\/wp-json\/wp\/v2\/media?parent=5500"}],"curies":[{"name":"wp","href":"https:\/\/api.w.org\/{rel}","templated":true}]}}