{"id":5678,"date":"2024-10-18T15:37:38","date_gmt":"2024-10-18T13:37:38","guid":{"rendered":"https:\/\/bentrio.com\/datenschutz\/"},"modified":"2024-10-18T15:38:38","modified_gmt":"2024-10-18T13:38:38","slug":"datenschutz","status":"publish","type":"page","link":"https:\/\/bentrio.com\/de\/datenschutz\/","title":{"rendered":"Datenschutzerkl\u00e4rung"},"content":{"rendered":"\n<p class=\"has-white-background-color has-background\"><\/p>\n\n<h2 class=\"wp-block-heading\">Datenschutz<\/h2>\n\n<p>Version g\u00fcltig ab dem 16. Oktober 2024<\/p>\n\n<p>Altamira Medica AG ist Teil der Altamira Therapeutics Group, zu der Altamira Therapeutics Ltd. (mit Sitz in Hamilton, Bermuda), Altamira Therapeutics AG (Basel, Schweiz), Otolanum AG (Basel, Schweiz), Altamira Therapeutics Inc. (Newark, Delaware, USA) und Altamira Medica AG (assoziiertes Unternehmen, Basel, Schweiz).<\/p>\n\n<p>Dieser Datenschutzhinweis erl\u00e4utert, wie wir, die Altamira Medica AG (im Folgenden \u201cAltamira Medica\u201d, \u201cwir\u201d oder \u201cuns\u201d), personenbezogene Daten erheben und wie wir diese personenbezogenen Daten verarbeiten.<\/p>\n\n<p>Dieser Datenschutzhinweis gilt nur f\u00fcr diese Website und nicht f\u00fcr andere Websites Dritter, auf die Sie \u00fcber diese Website zugreifen k\u00f6nnen.<\/p>\n\n<p>Diese Datenschutzerkl\u00e4rung basiert auf dem schweizerischen Datenschutzrecht. Da die Allgemeine Datenschutzverordnung der EU (\u201cGDPR\u201d) ebenfalls relevant sein kann, steht sie auch im Einklang mit der GDPR.<\/p>\n\n<p>Dieser Datenschutzhinweis ist nicht unbedingt eine umfassende Beschreibung unserer Datenverarbeitung. Es ist m\u00f6glich, dass f\u00fcr bestimmte Umst\u00e4nde andere Datenschutzbestimmungen gelten. er Begriff \u201cpersonenbezogene Daten\u201d bezeichnet in dieser Datenschutzerkl\u00e4rung alle Informationen, die eine Person identifizieren oder vern\u00fcnftigerweise zur Identifizierung einer Person verwendet werden k\u00f6nnten (z. B. Name, Adresse, E-Mail-Adresse, Telefonnummer).  <\/p>\n\n<h2 class=\"wp-block-heading\">Kontaktinformationen des Controllers<\/h2>\n\n<p>Wie in dieser Datenschutzerkl\u00e4rung beschrieben, ist Altamira Medica der f\u00fcr die Datenverarbeitung Verantwortliche, der \u201cController\u201d, es sei denn, wir haben Sie im Einzelfall anders informiert. Wenn Sie datenschutzbezogene Fragen haben oder Ihre Datenschutzrechte aus\u00fcben m\u00f6chten, wenden Sie sich bitte per E-Mail an dataprotection@aurismedical.com oder an die nachstehende Adresse: <\/p>\n\n<p>Altamira Medica AG<\/p>\n\n<p>Peter Merian-Strasse 90<\/p>\n\n<p>4052 Basel<\/p>\n\n<p>Switzerland<\/p>\n\n<p>Falls Ihre pers\u00f6nlichen Daten unter die GDPR fallen, ist der EU-Vertreter der Altamira Medica AG die Altamira Medica Ltd., The Black Church, St. Mary&#8217;s Place, Dublin D07 P4AX, Irland.<\/p>\n\n<h2 class=\"wp-block-heading\">Erhebung personenbezogener Daten und Zwecke der Verarbeitung<\/h2>\n\n<p>Wir verarbeiten in erster Linie personenbezogene Daten, die wir von unseren Kunden, Gesch\u00e4ftspartnern und anderen Personen im Rahmen unserer Gesch\u00e4ftsbeziehungen mit ihnen erhalten oder die wir von Nutzern beim Betrieb unserer Website erheben.<\/p>\n\n<p>Die meisten personenbezogenen Daten, die wir \u00fcber unsere Website verarbeiten, werden uns direkt von Ihnen zur Verf\u00fcgung gestellt. An einigen Stellen der Website (z.B. Webshop, Kundenkonto, Newsletter-Abonnement, Kontaktaufnahme \u00fcber unsere E-Mail-Adresse) sind pers\u00f6nliche Daten erforderlich, wenn Sie diese nutzen m\u00f6chten. \u00dcber diese Stellen auf unserer Website k\u00f6nnen wir Ihre Daten erfassen, einschlie\u00dflich, aber nicht beschr\u00e4nkt auf: Name, Adresse, E-Mail-Adresse, Telefonnummer, Finanzdaten im Zusammenhang mit Zahlungen f\u00fcr den Kauf unserer Produkte, Informationen zu Produktbestellungen. Alle personenbezogenen Daten, die Sie uns \u00fcber unsere Website zur Verf\u00fcgung stellen, werden in \u00dcbereinstimmung mit diesen Datenschutzbestimmungen verwendet.<\/p>\n\n<p>Zu den Kategorien personenbezogener Daten, die wir in Verbindung mit Ihrer Nutzung unserer Website erfassen, k\u00f6nnen auch IP-Adresse, MAC-Adresse Ihres Ger\u00e4ts, Ger\u00e4teinformationen und -einstellungen, Cookies, Datum und Uhrzeit Ihres Besuchs sowie Standortdaten geh\u00f6ren.<\/p>\n\n<p>Wir k\u00f6nnen die gesammelten personenbezogenen Daten f\u00fcr verschiedene Zwecke verarbeiten, wie zum Beispiel:<\/p>\n\n<ul class=\"wp-block-list\">\n<li>zur Durchf\u00fchrung von Transaktionen<em>(zu den erfassten Daten k\u00f6nnen geh\u00f6ren<\/em>: Name, Kontaktinformationen, Kundenkontoinformationen, Bestellhistorie, finanzielle Informationen wie Kreditkarteninformationen; <em>Rechtsgrundlage f\u00fcr die Verarbeitung<\/em>: Erf\u00fcllung vertraglicher Verpflichtungen);<\/li>\n<\/ul>\n\n<ul class=\"wp-block-list\">\n<li>Website-Analysen und Tracking<em>(zu den gesammelten Daten k\u00f6nnen geh\u00f6ren: <\/em>Informationen \u00fcber Ihren Besuch auf dieser Website, die Seiten, die Sie besuchen, die Website, von der Sie kommen, die Suchvorg\u00e4nge, die Sie durchf\u00fchren; <em>Rechtsgrundlage f\u00fcr die Verarbeitung<\/em>: unser berechtigtes Interesse oder die Zustimmung des Benutzers); weitere Informationen hierzu finden Sie im Abschnitt Cookies und andere Web-Tracker in dieser Datenschutzerkl\u00e4rung;<\/li>\n<\/ul>\n\n<ul class=\"wp-block-list\">\n<li>um auf Ihre Anfragen zu antworten<em>(zu den erfassten Daten k\u00f6nnen geh\u00f6ren<\/em>: Name, E-Mail-Adresse, Adresse, Berufsbezeichnung, andere Informationen, die Sie uns zur Verf\u00fcgung stellen; <em>Rechtsgrundlage f\u00fcr die Verarbeitung<\/em>: unser berechtigtes Interesse, auf Ihre Anfragen zu antworten oder unseren rechtlichen Verpflichtungen nachzukommen);<\/li>\n<\/ul>\n\n<ul class=\"wp-block-list\">\n<li>um unerw\u00fcnschte Ereignisse und andere Aktivit\u00e4ten im Zusammenhang mit der Pharmakovigilanz zu verfolgen und zu \u00fcberwachen<em>(zu den erfassten Daten k\u00f6nnen geh\u00f6ren<\/em>: Name, Kontaktinformationen, Beruf der meldenden Person, Gesundheit und medizinische Vorgeschichte der Person, die ein unerw\u00fcnschtes Ereignis erlebt hat, falls relevant; <em>Rechtsgrundlage f\u00fcr die Verarbeitung<\/em>: um unsere Pharmakovigilanz-Verpflichtungen zu erf\u00fcllen);<\/li>\n<\/ul>\n\n<ul class=\"wp-block-list\">\n<li>um auf Produktbeschwerden zu reagieren<em>(zu den erfassten Daten k\u00f6nnen geh\u00f6ren<\/em>: Name, Kontaktinformationen, Beruf der meldenden Person, ggf. Gesundheit und medizinische Vorgeschichte der von der Produktbeschwerde betroffenen Person; <em>Rechtsgrundlage f\u00fcr die Verarbeitung<\/em>: um unseren jeweiligen rechtlichen Verpflichtungen nachzukommen);<\/li>\n<\/ul>\n\n<ul class=\"wp-block-list\">\n<li>zur Beantwortung medizinischer Anfragen<em>(zu den erfassten Daten k\u00f6nnen geh\u00f6ren<\/em>: Name, Kontaktinformationen, Beruf der anfragenden Person; <em>Rechtsgrundlage f\u00fcr die Verarbeitung<\/em>: unser berechtigtes Interesse an der Weiterverfolgung von Anfragen oder Zustimmung);<\/li>\n<\/ul>\n\n<ul class=\"wp-block-list\">\n<li>um Ihnen elektronische Mitteilungen, wie z.B. Newsletter, zuzusenden<em>(zu den erfassten Daten k\u00f6nnen geh\u00f6ren<\/em>: Name, E-Mail-Adresse; <em>Rechtsgrundlage f\u00fcr die Verarbeitung<\/em>: Zustimmung);<\/li>\n<\/ul>\n\n<ul class=\"wp-block-list\">\n<li>um Ihre Benutzererfahrung zu personalisieren<em>(zu den erfassten Daten k\u00f6nnen geh\u00f6ren<\/em>: Kontaktinformationen, Benutzerpr\u00e4ferenzen, Sprachen, demografische Daten, Cookies; <em>Rechtsgrundlage f\u00fcr die Verarbeitung<\/em>: unsere berechtigten Gesch\u00e4ftsinteressen oder Zustimmung);<\/li>\n<\/ul>\n\n<ul class=\"wp-block-list\">\n<li>um unseren IT-Betrieb sicherzustellen und unsere Website zu betreiben<em>(zu den gesammelten Daten k\u00f6nnen geh\u00f6ren<\/em>: Daten im Zusammenhang mit der Nutzung unserer Website, wie z.B. IP-Adresse, MAC-Adresse, Standortdaten, Ger\u00e4teinformationen und -einstellungen, Daten und Uhrzeit des Besuchs und \u00e4hnliche Informationen, Cookies; <em>Rechtsgrundlage f\u00fcr die Verarbeitung<\/em>: unsere berechtigten Gesch\u00e4ftsinteressen, um unseren Betrieb und unsere Website zu betreiben, zu pflegen und zu sichern).<\/li>\n<\/ul>\n\n<p>Wenn Sie uns eine Einwilligung zur Verarbeitung Ihrer personenbezogenen Daten f\u00fcr bestimmte Zwecke erteilt haben (z.B. zur Er\u00f6ffnung eines Kundenkontos, zum Erhalt unseres Newsletters), k\u00f6nnen Sie diese Einwilligung jederzeit widerrufen.<\/p>\n\n<h2 class=\"wp-block-heading\">Cookies und andere Web-Tracker<\/h2>\n\n<p>Wir verwenden \u201cCookies\u201d und \u00e4hnliche Techniken auf unserer Website, die eine Identifizierung Ihres Browsers oder Ger\u00e4ts erm\u00f6glichen. Ein Cookie ist eine kleine Textdatei, die an Ihr Ger\u00e4t gesendet wird und automatisch vom Webbrowser auf Ihrem Computer oder Mobilger\u00e4t gespeichert wird, wenn Sie eine Website besuchen. Cookies werden unter anderem verwendet, um die Website nutzbar zu machen, die Funktionalit\u00e4t, Leistung und Benutzerfreundlichkeit zu verbessern. Bestimmte Cookies werden von uns an Sie gesendet, andere von Dritten.   <\/p>\n\n<p>Wir verwenden Cookies und andere Tracking-Technologien f\u00fcr verschiedene Zwecke, wie zum Beispiel:<\/p>\n\n<ul class=\"wp-block-list\">\n<li>um Sie bei der Navigation zu unterst\u00fctzen.<\/li>\n\n\n\n<li>um die Verwendung von Sonderfunktionen zu erm\u00f6glichen.<\/li>\n\n\n\n<li>um das Nutzerverhalten zu analysieren, um unsere Website zu optimieren.<\/li>\n\n\n\n<li>um die Attraktivit\u00e4t sowie den Benutzerkomfort unserer Website zu erh\u00f6hen.<\/li>\n\n\n\n<li>Werbung und Marketing.<\/li>\n<\/ul>\n\n<p>Nachstehend finden Sie eine Liste der Cookies und anderer Tracking-Technologien, die auf unserer Website verwendet werden.<\/p>\n\n<p><strong>Streng Notwendige Cookies<\/strong>: Diese Cookies sind notwendig, damit die Website funktioniert. Sie k\u00f6nnen Ihren Browser so einstellen, dass er die unbedingt notwendigen Cookies blockiert, aber wenn Sie diese blockieren, funktioniert die Website nicht mehr.<\/p>\n\n<p><strong>Funktionale Cookies<\/strong>: Diese Cookies erm\u00f6glichen es der Website, verbesserte Funktionalit\u00e4t und Personalisierung zu bieten. Solche Cookies k\u00f6nnen von uns oder von Drittanbietern gesetzt werden, deren Dienste \u00fcber unsere Website verf\u00fcgbar sind. Wenn Sie diese Cookies ablehnen, k\u00f6nnen einige oder alle dieser Dienste nicht richtig funktionieren.<\/p>\n\n<p><strong>Leistungs-Cookies<\/strong>: Diese Cookies helfen uns dabei, zu \u00fcberwachen, wie unsere Website genutzt wird, und erm\u00f6glichen es uns, Daten dar\u00fcber zu sammeln, welche Seiten der Website am h\u00e4ufigsten besucht werden. Diese Cookies sammeln keine identifizierbaren Informationen \u00fcber Besucher, was bedeutet, dass alle gesammelten Daten anonym sind und nur zur Verbesserung der Leistung und Funktionalit\u00e4t der Website verwendet werden.<\/p>\n\n<p><strong>Zielgerichtete Cookies<\/strong>: Diese Cookies k\u00f6nnen von unseren Werbepartnern auf unserer Website gesetzt werden und dienen dazu, Informationen von den Besuchern zu sammeln, um ihnen Werbung zu relevanten Themen, die sie interessieren, anzuzeigen.<\/p>\n\n<p>Wenn wir Cookies verwenden, gehen wir davon aus, dass Sie mit der Datenverarbeitung einverstanden sind, und verlangen Ihr Einverst\u00e4ndnis in dieser Hinsicht. Sie k\u00f6nnen Ihr Einverst\u00e4ndnis \u00fcber unseren Cookie-Banner beim Besuch unserer Website erkl\u00e4ren. Eine einmal erteilte Einwilligung k\u00f6nnen Sie jederzeit widerrufen. Bitte beachten Sie, dass bei der Blockierung von Cookies bestimmte Funktionen auf unserer Website nicht mehr funktionieren k\u00f6nnen.   <\/p>\n\n<p>Weitere Informationen \u00fcber Cookies und wie Sie diese verwalten, ablehnen und l\u00f6schen k\u00f6nnen, finden Sie unter <a href=\"http:\/\/www.allaboutcookies.org\">www.allaboutcookies.org.<\/a><\/p>\n\n<p><strong>Google Analytics<\/strong>: Wir k\u00f6nnen auch Google Analytics oder \u00e4hnliche Dienste auf unserer Website verwenden. Dies sind Dienste, die von Dritten angeboten werden (z. B. z. B. durch die Verwendung geeigneter Vertr\u00e4ge im Falle von Google Analytics, Google LLC, mit Sitz in den Vereinigten Staaten, <a href=\"http:\/\/www.google.com\">www.google.com)<\/a> und die es uns erm\u00f6glichen, die Nutzung unserer Website zu messen und auszuwerten. Zu diesem Zweck werden permanente Cookies verwendet, die von den Dienstleistern gesetzt werden. Solche Cookies sammeln Informationen \u00fcber die Anzahl der Besucher der Website, die besuchten Seiten und die auf der Website verbrachte Zeit. Diese Informationen werden zusammengefasst und k\u00f6nnen nicht pers\u00f6nlich identifiziert werden.<\/p>\n\n<p>Unsere Website enth\u00e4lt <strong>Links zu Websites Dritter<\/strong> (z.B. Facebook, YouTube, Instagram). Wenn Sie auf den Link klicken, werden Sie auf die entsprechende Website weitergeleitet. Die von diesen Dritten gesammelten Informationen, einschlie\u00dflich Standort- und Kontaktinformationen, unterliegen den Datenschutzhinweisen dieser Dritten. Dieser Datenschutzhinweis gilt nicht f\u00fcr Websites Dritter, die \u00fcber unsere Website aufgerufen werden k\u00f6nnen.<\/p>\n\n<h2 class=\"wp-block-heading\">Gemeinsame Nutzung von Daten und internationale Daten\u00fcbermittlung<\/h2>\n\n<p>Im Rahmen unserer Gesch\u00e4ftsaktivit\u00e4ten und im Einklang mit den in dieser Datenschutzerkl\u00e4rung beschriebenen Zwecken der Datenverarbeitung k\u00f6nnen wir Ihre personenbezogenen Daten an unsere verbundenen Unternehmen und an Dritte weitergeben. Die Liste unserer verbundenen Unternehmen finden Sie am Anfang dieses Datenschutzhinweises. Zu den Dritten k\u00f6nnen die folgenden Kategorien geh\u00f6ren: unsere Dienstleister (z. B. IT-Anbieter wie Microsoft und Google, beide mit Sitz in den USA, unser Zahlungsanbieter PayPal mit Sitz in den USA), professionelle Berater, Auftragnehmer, andere Gesch\u00e4ftspartner der Altamira Therapeutics Group sowie lokale und ausl\u00e4ndische Beh\u00f6rden.  <\/p>\n\n<p>Die oben genannten Empf\u00e4nger k\u00f6nnen sich in der Schweiz, in anderen europ\u00e4ischen L\u00e4ndern, in den USA und in jedem anderen Land der Welt befinden.<\/p>\n\n<p>Wenn wir Daten in ein Land ohne angemessenes Datenschutzniveau \u00fcbermitteln, sorgen wir f\u00fcr angemessene Garantien f\u00fcr die \u00dcbermittlung, z. B. durch die Verwendung geeigneter Vertr\u00e4ge (insbesondere auf der Grundlage der Standardvertragsklauseln der Europ\u00e4ischen Kommission).  <\/p>\n\n<h2 class=\"wp-block-heading\">Aufbewahrung von Daten.<\/h2>\n\n<p>Wir verarbeiten und speichern Ihre personenbezogenen Daten so lange, wie es f\u00fcr die Erf\u00fcllung unserer vertraglichen Verpflichtungen, die Einhaltung unserer gesetzlichen Verpflichtungen oder andere Verarbeitungszwecke erforderlich ist.<\/p>\n\n<p>Die Aufbewahrungsfrist f\u00fcr Ihre personenbezogenen Daten h\u00e4ngt von dem Zweck ab, f\u00fcr den wir Ihre Daten erhoben haben und verarbeiten.<\/p>\n\n<p>Sobald Ihre personenbezogenen Daten f\u00fcr die genannten Zwecke nicht mehr ben\u00f6tigt werden, werden sie gel\u00f6scht.<\/p>\n\n<p>Personenbezogene Daten im Zusammenhang mit der Pharmakovigilanz (Berichte \u00fcber unerw\u00fcnschte Ereignisse) werden mindestens 10 Jahre lang aufbewahrt, nachdem das Produkt in dem letzten Land, in dem es vermarktet wurde, vom Markt genommen wurde.<\/p>\n\n<p>Personenbezogene Daten, die im Rahmen einer medizinischen Informationsanfrage gespeichert werden, werden mindestens 10 und h\u00f6chstens 15 Jahre nach Erhalt aufbewahrt.<\/p>\n\n<p>Daten im Zusammenhang mit Produktbeschwerden werden mindestens 15 Jahre lang aufbewahrt.<\/p>\n\n<h2 class=\"wp-block-heading\">Ihre Datenschutzrechte<\/h2>\n\n<p>Nach Ma\u00dfgabe des geltenden Rechts haben Sie die folgenden Datenschutzrechte: Recht auf Auskunft, Recht auf Berichtigung, Recht auf L\u00f6schung, Recht auf Einschr\u00e4nkung der Verarbeitung, Recht auf Widerspruch gegen unsere Datenverarbeitung und Recht auf Daten\u00fcbertragbarkeit. Bitte beachten Sie, dass diese Rechte nicht absolut sind und wir uns das Recht vorbehalten, die gesetzlich vorgeschriebenen Einschr\u00e4nkungen durchzusetzen. <\/p>\n\n<p>Sollten Sie Ihre oben genannten Rechte aus\u00fcben wollen, wenden Sie sich bitte an die im Abschnitt \u201cKontaktdaten des f\u00fcr die Verarbeitung Verantwortlichen\u201d angegebene E-Mail-Adresse oder Postanschrift. Bitte beachten Sie, dass wir eine Kopie Ihres Personalausweises und ggf. weitere Informationen zum Nachweis Ihrer Identit\u00e4t verlangen k\u00f6nnen. <\/p>\n\n<p>Sie haben auch das Recht, Ihre Rechte vor Gericht geltend zu machen oder eine Beschwerde bei der zust\u00e4ndigen Datenschutzbeh\u00f6rde einzureichen. Die zust\u00e4ndige Datenschutzbeh\u00f6rde der Schweiz ist der Eidgen\u00f6ssische Datenschutz- und \u00d6ffentlichkeitsbeauftragte<a href=\"http:\/\/www.edoeb.admin.ch\">(www.edoeb.admin.ch)<\/a>.<\/p>\n\n<h2 class=\"wp-block-heading\">Datensicherheit<\/h2>\n\n<p>Wir ergreifen angemessene technische und organisatorische Sicherheitsma\u00dfnahmen, um Ihre personenbezogenen Daten vor unberechtigtem Zugriff und Missbrauch zu sch\u00fctzen. Zu diesen Ma\u00dfnahmen geh\u00f6ren unter anderem die Umsetzung interner Richtlinien, Mitarbeiterschulungen, der Einsatz geeigneter IT- und Netzwerksicherheitsl\u00f6sungen, Zugangskontrollen und -beschr\u00e4nkungen. <\/p>\n\n<h2 class=\"wp-block-heading\">\u00c4nderungen dieses Datenschutzhinweises<\/h2>\n\n<p>Wir k\u00f6nnen diesen Datenschutzhinweis jederzeit aktualisieren. Es gilt die jeweils aktuelle, auf dieser Website ver\u00f6ffentlichte Fassung. <\/p>\n\n<p class=\"has-white-background-color has-background\"><\/p>\n\n<p class=\"has-white-background-color has-background\"><\/p>\n","protected":false},"excerpt":{"rendered":"<p>Datenschutz Version g\u00fcltig ab dem 16. Oktober 2024 Altamira Medica AG ist Teil der Altamira Therapeutics Group, zu der Altamira Therapeutics Ltd. (mit Sitz in Hamilton, Bermuda), Altamira Therapeutics AG (Basel, Schweiz), Otolanum AG (Basel, Schweiz), Altamira Therapeutics Inc. (Newark, Delaware, USA) und Altamira Medica AG (assoziiertes Unternehmen, Basel, Schweiz). Dieser Datenschutzhinweis erl\u00e4utert, wie wir, [&hellip;]<\/p>\n","protected":false},"author":5,"featured_media":0,"parent":0,"menu_order":0,"comment_status":"closed","ping_status":"closed","template":"","meta":{"_acf_changed":false,"footnotes":""},"class_list":["post-5678","page","type-page","status-publish","hentry"],"acf":[],"yoast_head":"<!-- This site is optimized with the Yoast SEO plugin v27.1.1 - https:\/\/yoast.com\/product\/yoast-seo-wordpress\/ -->\n<title>Datenschutzerkl\u00e4rung - Bentrio<\/title>\n<meta name=\"robots\" content=\"index, follow, max-snippet:-1, max-image-preview:large, max-video-preview:-1\" \/>\n<link rel=\"canonical\" href=\"https:\/\/bentrio.com\/de\/datenschutz\/\" \/>\n<meta property=\"og:locale\" content=\"de_DE\" \/>\n<meta property=\"og:type\" content=\"article\" \/>\n<meta property=\"og:title\" content=\"Datenschutzerkl\u00e4rung - Bentrio\" \/>\n<meta property=\"og:description\" content=\"Datenschutz Version g\u00fcltig ab dem 16. Oktober 2024 Altamira Medica AG ist Teil der Altamira Therapeutics Group, zu der Altamira Therapeutics Ltd. (mit Sitz in Hamilton, Bermuda), Altamira Therapeutics AG (Basel, Schweiz), Otolanum AG (Basel, Schweiz), Altamira Therapeutics Inc. (Newark, Delaware, USA) und Altamira Medica AG (assoziiertes Unternehmen, Basel, Schweiz). Dieser Datenschutzhinweis erl\u00e4utert, wie wir, [&hellip;]\" \/>\n<meta property=\"og:url\" content=\"https:\/\/bentrio.com\/de\/datenschutz\/\" \/>\n<meta property=\"og:site_name\" content=\"Bentrio\" \/>\n<meta property=\"article:modified_time\" content=\"2024-10-18T13:38:38+00:00\" \/>\n<meta name=\"twitter:card\" content=\"summary_large_image\" \/>\n<meta name=\"twitter:label1\" content=\"Gesch\u00e4tzte Lesezeit\" \/>\n\t<meta name=\"twitter:data1\" content=\"10\u00a0Minuten\" \/>\n<script type=\"application\/ld+json\" class=\"yoast-schema-graph\">{\"@context\":\"https:\/\/schema.org\",\"@graph\":[{\"@type\":\"WebPage\",\"@id\":\"https:\/\/bentrio.com\/de\/datenschutz\/\",\"url\":\"https:\/\/bentrio.com\/de\/datenschutz\/\",\"name\":\"Datenschutzerkl\u00e4rung - Bentrio\",\"isPartOf\":{\"@id\":\"https:\/\/bentrio.com\/de\/#website\"},\"datePublished\":\"2024-10-18T13:37:38+00:00\",\"dateModified\":\"2024-10-18T13:38:38+00:00\",\"breadcrumb\":{\"@id\":\"https:\/\/bentrio.com\/de\/datenschutz\/#breadcrumb\"},\"inLanguage\":\"de\",\"potentialAction\":[{\"@type\":\"ReadAction\",\"target\":[\"https:\/\/bentrio.com\/de\/datenschutz\/\"]}]},{\"@type\":\"BreadcrumbList\",\"@id\":\"https:\/\/bentrio.com\/de\/datenschutz\/#breadcrumb\",\"itemListElement\":[{\"@type\":\"ListItem\",\"position\":1,\"name\":\"Home\",\"item\":\"https:\/\/bentrio.com\/de\/\"},{\"@type\":\"ListItem\",\"position\":2,\"name\":\"Datenschutzerkl\u00e4rung\"}]},{\"@type\":\"WebSite\",\"@id\":\"https:\/\/bentrio.com\/de\/#website\",\"url\":\"https:\/\/bentrio.com\/de\/\",\"name\":\"Bentrio\",\"description\":\"Helps protect from allergens\",\"publisher\":{\"@id\":\"https:\/\/bentrio.com\/de\/#organization\"},\"potentialAction\":[{\"@type\":\"SearchAction\",\"target\":{\"@type\":\"EntryPoint\",\"urlTemplate\":\"https:\/\/bentrio.com\/de\/?s={search_term_string}\"},\"query-input\":{\"@type\":\"PropertyValueSpecification\",\"valueRequired\":true,\"valueName\":\"search_term_string\"}}],\"inLanguage\":\"de\"},{\"@type\":\"Organization\",\"@id\":\"https:\/\/bentrio.com\/de\/#organization\",\"name\":\"Bentrio\",\"url\":\"https:\/\/bentrio.com\/de\/\",\"logo\":{\"@type\":\"ImageObject\",\"inLanguage\":\"de\",\"@id\":\"https:\/\/bentrio.com\/de\/#\/schema\/logo\/image\/\",\"url\":\"https:\/\/bentrio.com\/wp-content\/uploads\/about_All.jpg\",\"contentUrl\":\"https:\/\/bentrio.com\/wp-content\/uploads\/about_All.jpg\",\"width\":2280,\"height\":820,\"caption\":\"Bentrio\"},\"image\":{\"@id\":\"https:\/\/bentrio.com\/de\/#\/schema\/logo\/image\/\"}}]}<\/script>\n<!-- \/ Yoast SEO plugin. -->","yoast_head_json":{"title":"Datenschutzerkl\u00e4rung - Bentrio","robots":{"index":"index","follow":"follow","max-snippet":"max-snippet:-1","max-image-preview":"max-image-preview:large","max-video-preview":"max-video-preview:-1"},"canonical":"https:\/\/bentrio.com\/de\/datenschutz\/","og_locale":"de_DE","og_type":"article","og_title":"Datenschutzerkl\u00e4rung - Bentrio","og_description":"Datenschutz Version g\u00fcltig ab dem 16. Oktober 2024 Altamira Medica AG ist Teil der Altamira Therapeutics Group, zu der Altamira Therapeutics Ltd. (mit Sitz in Hamilton, Bermuda), Altamira Therapeutics AG (Basel, Schweiz), Otolanum AG (Basel, Schweiz), Altamira Therapeutics Inc. (Newark, Delaware, USA) und Altamira Medica AG (assoziiertes Unternehmen, Basel, Schweiz). Dieser Datenschutzhinweis erl\u00e4utert, wie wir, [&hellip;]","og_url":"https:\/\/bentrio.com\/de\/datenschutz\/","og_site_name":"Bentrio","article_modified_time":"2024-10-18T13:38:38+00:00","twitter_card":"summary_large_image","twitter_misc":{"Gesch\u00e4tzte Lesezeit":"10\u00a0Minuten"},"schema":{"@context":"https:\/\/schema.org","@graph":[{"@type":"WebPage","@id":"https:\/\/bentrio.com\/de\/datenschutz\/","url":"https:\/\/bentrio.com\/de\/datenschutz\/","name":"Datenschutzerkl\u00e4rung - Bentrio","isPartOf":{"@id":"https:\/\/bentrio.com\/de\/#website"},"datePublished":"2024-10-18T13:37:38+00:00","dateModified":"2024-10-18T13:38:38+00:00","breadcrumb":{"@id":"https:\/\/bentrio.com\/de\/datenschutz\/#breadcrumb"},"inLanguage":"de","potentialAction":[{"@type":"ReadAction","target":["https:\/\/bentrio.com\/de\/datenschutz\/"]}]},{"@type":"BreadcrumbList","@id":"https:\/\/bentrio.com\/de\/datenschutz\/#breadcrumb","itemListElement":[{"@type":"ListItem","position":1,"name":"Home","item":"https:\/\/bentrio.com\/de\/"},{"@type":"ListItem","position":2,"name":"Datenschutzerkl\u00e4rung"}]},{"@type":"WebSite","@id":"https:\/\/bentrio.com\/de\/#website","url":"https:\/\/bentrio.com\/de\/","name":"Bentrio","description":"Helps protect from allergens","publisher":{"@id":"https:\/\/bentrio.com\/de\/#organization"},"potentialAction":[{"@type":"SearchAction","target":{"@type":"EntryPoint","urlTemplate":"https:\/\/bentrio.com\/de\/?s={search_term_string}"},"query-input":{"@type":"PropertyValueSpecification","valueRequired":true,"valueName":"search_term_string"}}],"inLanguage":"de"},{"@type":"Organization","@id":"https:\/\/bentrio.com\/de\/#organization","name":"Bentrio","url":"https:\/\/bentrio.com\/de\/","logo":{"@type":"ImageObject","inLanguage":"de","@id":"https:\/\/bentrio.com\/de\/#\/schema\/logo\/image\/","url":"https:\/\/bentrio.com\/wp-content\/uploads\/about_All.jpg","contentUrl":"https:\/\/bentrio.com\/wp-content\/uploads\/about_All.jpg","width":2280,"height":820,"caption":"Bentrio"},"image":{"@id":"https:\/\/bentrio.com\/de\/#\/schema\/logo\/image\/"}}]}},"_links":{"self":[{"href":"https:\/\/bentrio.com\/de\/wp-json\/wp\/v2\/pages\/5678","targetHints":{"allow":["GET"]}}],"collection":[{"href":"https:\/\/bentrio.com\/de\/wp-json\/wp\/v2\/pages"}],"about":[{"href":"https:\/\/bentrio.com\/de\/wp-json\/wp\/v2\/types\/page"}],"author":[{"embeddable":true,"href":"https:\/\/bentrio.com\/de\/wp-json\/wp\/v2\/users\/5"}],"replies":[{"embeddable":true,"href":"https:\/\/bentrio.com\/de\/wp-json\/wp\/v2\/comments?post=5678"}],"version-history":[{"count":5,"href":"https:\/\/bentrio.com\/de\/wp-json\/wp\/v2\/pages\/5678\/revisions"}],"predecessor-version":[{"id":5683,"href":"https:\/\/bentrio.com\/de\/wp-json\/wp\/v2\/pages\/5678\/revisions\/5683"}],"wp:attachment":[{"href":"https:\/\/bentrio.com\/de\/wp-json\/wp\/v2\/media?parent=5678"}],"curies":[{"name":"wp","href":"https:\/\/api.w.org\/{rel}","templated":true}]}}